{"id":988015,"date":"2025-07-29T15:18:31","date_gmt":"2025-07-29T15:18:31","guid":{"rendered":"https:\/\/involit.dijitalbacklink.com\/?page_id=988015"},"modified":"2025-07-29T23:34:20","modified_gmt":"2025-07-29T23:34:20","slug":"devops","status":"publish","type":"page","link":"https:\/\/involit.com\/en\/devops\/","title":{"rendered":"DevOps"},"content":{"rendered":"<div data-elementor-type=\"wp-page\" data-elementor-id=\"988015\" class=\"elementor elementor-988015\" data-elementor-post-type=\"page\">\n\t\t\t\t\t\t<section class=\"elementor-section elementor-top-section elementor-element elementor-element-8dae9bf elementor-section-boxed elementor-section-height-default elementor-section-height-default\" data-id=\"8dae9bf\" data-element_type=\"section\">\n\t\t\t\t\t\t<div class=\"elementor-container elementor-column-gap-no\">\n\t\t\t\t\t<div class=\"elementor-column elementor-col-50 elementor-top-column elementor-element elementor-element-6c19b8a\" data-id=\"6c19b8a\" data-element_type=\"column\">\n\t\t\t<div class=\"elementor-widget-wrap elementor-element-populated\">\n\t\t\t\t\t\t<div class=\"elementor-element elementor-element-dcc17f3 elementor-invisible elementor-widget elementor-widget-heading\" data-id=\"dcc17f3\" data-element_type=\"widget\" data-settings=\"{&quot;_animation&quot;:&quot;fadeIn&quot;,&quot;_animation_tablet&quot;:&quot;none&quot;,&quot;_animation_delay&quot;:300}\" data-widget_type=\"heading.default\">\n\t\t\t\t<div class=\"elementor-widget-container\">\n\t\t\t\t\t<h1 class=\"elementor-heading-title elementor-size-default\">Alignment and Continuity in Development and Operations Processes\n<\/h1>\t\t\t\t<\/div>\n\t\t\t\t<\/div>\n\t\t\t\t<div class=\"elementor-element elementor-element-534d825 elementor-widget elementor-widget-text-editor\" data-id=\"534d825\" data-element_type=\"widget\" data-widget_type=\"text-editor.default\">\n\t\t\t\t<div class=\"elementor-widget-container\">\n\t\t\t\t\t\t\t\t\t<p class=\"p1\"><b>Establish a cohesive, automated, and rapid structure between development and operations teams<\/b><\/p>\t\t\t\t\t\t\t\t<\/div>\n\t\t\t\t<\/div>\n\t\t\t\t<div class=\"elementor-element elementor-element-4605078 elementor-widget__width-inherit elementor-widget-mobile__width-inherit elementor-widget-tablet__width-inherit elementor-widget elementor-widget-text-editor\" data-id=\"4605078\" data-element_type=\"widget\" data-widget_type=\"text-editor.default\">\n\t\t\t\t<div class=\"elementor-widget-container\">\n\t\t\t\t\t\t\t\t\t<p class=\"p1\">By integrating your software development and operations processes through the DevOps approach, you increase delivery speed, minimise errors, and establish a culture of continuous improvement.<br \/>At Involit, we take a strategy-focused approach rather than a tool-focused one; we develop customised strategies for your teams, design end-to-end SDLC processes, and enable organisational transformation.<\/p>\t\t\t\t\t\t\t\t<\/div>\n\t\t\t\t<\/div>\n\t\t\t\t\t<\/div>\n\t\t<\/div>\n\t\t\t\t<div class=\"elementor-column elementor-col-50 elementor-top-column elementor-element elementor-element-c3273ba\" data-id=\"c3273ba\" data-element_type=\"column\">\n\t\t\t<div class=\"elementor-widget-wrap elementor-element-populated\">\n\t\t\t\t\t\t<div class=\"elementor-element elementor-element-94b032a elementor-widget-mobile__width-inherit elementor-widget elementor-widget-image\" data-id=\"94b032a\" data-element_type=\"widget\" data-widget_type=\"image.default\">\n\t\t\t\t<div class=\"elementor-widget-container\">\n\t\t\t\t\t\t\t\t\t\t\t\t\t\t\t<img fetchpriority=\"high\" decoding=\"async\" width=\"1452\" height=\"968\" src=\"https:\/\/involit.com\/wp-content\/uploads\/2025\/07\/agile-5.jpg\" class=\"attachment-1536x1536 size-1536x1536 wp-image-988099\" alt=\"\" srcset=\"https:\/\/involit.com\/wp-content\/uploads\/2025\/07\/agile-5.jpg 1452w, https:\/\/involit.com\/wp-content\/uploads\/2025\/07\/agile-5-300x200.jpg 300w, https:\/\/involit.com\/wp-content\/uploads\/2025\/07\/agile-5-1024x683.jpg 1024w, https:\/\/involit.com\/wp-content\/uploads\/2025\/07\/agile-5-768x512.jpg 768w\" sizes=\"(max-width: 1452px) 100vw, 1452px\" \/>\t\t\t\t\t\t\t\t\t\t\t\t\t\t\t<\/div>\n\t\t\t\t<\/div>\n\t\t\t\t\t<\/div>\n\t\t<\/div>\n\t\t\t\t\t<\/div>\n\t\t<\/section>\n\t\t\t\t<section class=\"elementor-section elementor-top-section elementor-element elementor-element-0e12111 elementor-section-boxed elementor-section-height-default elementor-section-height-default\" data-id=\"0e12111\" data-element_type=\"section\" data-settings=\"{&quot;background_background&quot;:&quot;gradient&quot;}\">\n\t\t\t\t\t\t<div class=\"elementor-container elementor-column-gap-no\">\n\t\t\t\t\t<div class=\"elementor-column elementor-col-33 elementor-top-column elementor-element elementor-element-576acd6\" data-id=\"576acd6\" data-element_type=\"column\" data-settings=\"{&quot;background_background&quot;:&quot;classic&quot;}\">\n\t\t\t<div class=\"elementor-widget-wrap elementor-element-populated\">\n\t\t\t\t\t\t<div class=\"elementor-element elementor-element-95c6ba7 elementor-widget elementor-widget-icon-box\" data-id=\"95c6ba7\" data-element_type=\"widget\" data-widget_type=\"icon-box.default\">\n\t\t\t\t<div class=\"elementor-widget-container\">\n\t\t\t\t\t\t\t<div class=\"elementor-icon-box-wrapper\">\n\n\t\t\t\n\t\t\t\t\t\t<div class=\"elementor-icon-box-content\">\n\n\t\t\t\t\t\t\t\t\t<h5 class=\"elementor-icon-box-title\">\n\t\t\t\t\t\t<a href=\"https:\/\/involit.com\/en\/?page_id=107\" >\n\t\t\t\t\t\t\tSDLC and CI\/CD Process Design\t\t\t\t\t\t<\/a>\n\t\t\t\t\t<\/h5>\n\t\t\t\t\n\t\t\t\t\t\t\t\t\t<p class=\"elementor-icon-box-description\">\n\t\t\t\t\t\tWe automate all steps, such as requirements gathering, development, testing, deployment, and maintenance, using tools like Jira, Bitbucket, Jenkins, and GitLab.\u2028Thanks to the integration of CI\/CD processes, your Build \u2192 Test \u2192 Release cycles become seamless and measurable.\t\t\t\t\t<\/p>\n\t\t\t\t\n\t\t\t<\/div>\n\t\t\t\n\t\t<\/div>\n\t\t\t\t\t\t<\/div>\n\t\t\t\t<\/div>\n\t\t\t\t\t<\/div>\n\t\t<\/div>\n\t\t\t\t<div class=\"elementor-column elementor-col-33 elementor-top-column elementor-element elementor-element-52c9225\" data-id=\"52c9225\" data-element_type=\"column\" data-settings=\"{&quot;background_background&quot;:&quot;classic&quot;}\">\n\t\t\t<div class=\"elementor-widget-wrap elementor-element-populated\">\n\t\t\t\t\t\t<div class=\"elementor-element elementor-element-77517ac elementor-widget elementor-widget-icon-box\" data-id=\"77517ac\" data-element_type=\"widget\" data-widget_type=\"icon-box.default\">\n\t\t\t\t<div class=\"elementor-widget-container\">\n\t\t\t\t\t\t\t<div class=\"elementor-icon-box-wrapper\">\n\n\t\t\t\n\t\t\t\t\t\t<div class=\"elementor-icon-box-content\">\n\n\t\t\t\t\t\t\t\t\t<h5 class=\"elementor-icon-box-title\">\n\t\t\t\t\t\t<a href=\"https:\/\/involit.com\/en\/?page_id=111\" >\n\t\t\t\t\t\t\tGit &amp; Branching Strategies\t\t\t\t\t\t<\/a>\n\t\t\t\t\t<\/h5>\n\t\t\t\t\n\t\t\t\t\t\t\t\t\t<p class=\"elementor-icon-box-description\">\n\t\t\t\t\t\tThe code structure of projects is securely stored in a central repository, and changes are tracked by versioning. Version control systems such as Git are used to establish a regular workflow within the team. \t\t\t\t\t<\/p>\n\t\t\t\t\n\t\t\t<\/div>\n\t\t\t\n\t\t<\/div>\n\t\t\t\t\t\t<\/div>\n\t\t\t\t<\/div>\n\t\t\t\t\t<\/div>\n\t\t<\/div>\n\t\t\t\t<div class=\"elementor-column elementor-col-33 elementor-top-column elementor-element elementor-element-c6231d7\" data-id=\"c6231d7\" data-element_type=\"column\" data-settings=\"{&quot;background_background&quot;:&quot;classic&quot;}\">\n\t\t\t<div class=\"elementor-widget-wrap elementor-element-populated\">\n\t\t\t\t\t\t<div class=\"elementor-element elementor-element-e2c0222 elementor-widget elementor-widget-icon-box\" data-id=\"e2c0222\" data-element_type=\"widget\" data-widget_type=\"icon-box.default\">\n\t\t\t\t<div class=\"elementor-widget-container\">\n\t\t\t\t\t\t\t<div class=\"elementor-icon-box-wrapper\">\n\n\t\t\t\n\t\t\t\t\t\t<div class=\"elementor-icon-box-content\">\n\n\t\t\t\t\t\t\t\t\t<h5 class=\"elementor-icon-box-title\">\n\t\t\t\t\t\t<a href=\"https:\/\/involit.com\/en\/?page_id=113\" >\n\t\t\t\t\t\t\tRepository and Versioning \/ Metrics and Tracking\t\t\t\t\t\t<\/a>\n\t\t\t\t\t<\/h5>\n\t\t\t\t\n\t\t\t\t\t\t\t\t\t<p class=\"elementor-icon-box-description\">\n\t\t\t\t\t\tWe make your code bases organised, secure, and traceable; we provide tagging, version tracking, and traceability. We also design integrated dashboards with Jira for DevOps metrics (delivery time, error rate, code quality) and support a culture of continuous improvement.\t\t\t\t\t<\/p>\n\t\t\t\t\n\t\t\t<\/div>\n\t\t\t\n\t\t<\/div>\n\t\t\t\t\t\t<\/div>\n\t\t\t\t<\/div>\n\t\t\t\t\t<\/div>\n\t\t<\/div>\n\t\t\t\t\t<\/div>\n\t\t<\/section>\n\t\t\t\t<section class=\"elementor-section elementor-top-section elementor-element elementor-element-5bea335 elementor-section-boxed elementor-section-height-default elementor-section-height-default\" data-id=\"5bea335\" data-element_type=\"section\">\n\t\t\t\t\t\t<div class=\"elementor-container elementor-column-gap-no\">\n\t\t\t\t\t<div class=\"elementor-column elementor-col-100 elementor-top-column elementor-element elementor-element-06683b3\" data-id=\"06683b3\" data-element_type=\"column\">\n\t\t\t<div class=\"elementor-widget-wrap elementor-element-populated\">\n\t\t\t\t\t\t<div class=\"elementor-element elementor-element-6cedfca elementor-widget elementor-widget-global elementor-global-3575 elementor-widget-spacer\" data-id=\"6cedfca\" data-element_type=\"widget\" data-widget_type=\"spacer.default\">\n\t\t\t\t<div class=\"elementor-widget-container\">\n\t\t\t\t\t\t\t<div class=\"elementor-spacer\">\n\t\t\t<div class=\"elementor-spacer-inner\"><\/div>\n\t\t<\/div>\n\t\t\t\t\t\t<\/div>\n\t\t\t\t<\/div>\n\t\t\t\t\t<\/div>\n\t\t<\/div>\n\t\t\t\t\t<\/div>\n\t\t<\/section>\n\t\t\t\t<section class=\"elementor-section elementor-top-section elementor-element elementor-element-974e34f elementor-section-height-min-height elementor-section-items-stretch elementor-section-content-middle elementor-section-boxed elementor-section-height-default\" data-id=\"974e34f\" data-element_type=\"section\">\n\t\t\t\t\t\t<div class=\"elementor-container elementor-column-gap-no\">\n\t\t\t\t\t<div class=\"elementor-column elementor-col-100 elementor-top-column elementor-element elementor-element-57b052e\" data-id=\"57b052e\" data-element_type=\"column\">\n\t\t\t<div class=\"elementor-widget-wrap elementor-element-populated\">\n\t\t\t\t\t\t<div class=\"elementor-element elementor-element-99123c8 elementor-invisible elementor-widget elementor-widget-heading\" data-id=\"99123c8\" data-element_type=\"widget\" data-settings=\"{&quot;_animation&quot;:&quot;fadeIn&quot;,&quot;_animation_tablet&quot;:&quot;none&quot;,&quot;_animation_delay&quot;:300}\" data-widget_type=\"heading.default\">\n\t\t\t\t<div class=\"elementor-widget-container\">\n\t\t\t\t\t<h3 class=\"elementor-heading-title elementor-size-default\">Why choose our DevOps services?<\/h3>\t\t\t\t<\/div>\n\t\t\t\t<\/div>\n\t\t\t\t<div class=\"elementor-element elementor-element-7a52c8e elementor-widget elementor-widget-text-editor\" data-id=\"7a52c8e\" data-element_type=\"widget\" data-widget_type=\"text-editor.default\">\n\t\t\t\t<div class=\"elementor-widget-container\">\n\t\t\t\t\t\t\t\t\t<p class=\"p1\"><b>True alignment between development and operations teams:<\/b><br \/>Our DevOps structure, which focuses on collaboration, eliminates silos; development and operations teams work seamlessly towards the same goal.<\/p><p class=\"p1\"><b>End-to-end automated software lifecycle:<\/b><br \/>We support every step of your SDLC processes (planning, development, testing, release, maintenance) with automation, reducing delivery time and minimising human error.<\/p><p class=\"p1\"><b>Customised Git strategies and version control:<\/b><br \/>We tailor your code flow to your company culture and team, optimise the Git branching structure, and make code tracking auditable.<\/p><p class=\"p1\"><b>Continuous integration and deployment (CI\/CD) infrastructure:<\/b><br \/>We eliminate manual intervention in your Build \u2192 Test \u2192 Release cycles, creating fast, error-free, and traceable delivery processes.<\/p><p class=\"p1\"><b>Real-time monitoring and measurability:<\/b><br \/>We monitor your processes in real time using indicators such as delivery time, error rate, and code quality; we support your decision-making processes with data via Jira boards.<\/p><p class=\"p1\"><b>Cultural transformation and sustainable implementation:<\/b><br \/>We design DevOps not just as a set of tools, but as a permanent and sustainable culture within the organisation, ensuring your teams adapt to this transformation.<\/p>\t\t\t\t\t\t\t\t<\/div>\n\t\t\t\t<\/div>\n\t\t\t\t\t<\/div>\n\t\t<\/div>\n\t\t\t\t\t<\/div>\n\t\t<\/section>\n\t\t\t\t<\/div>","protected":false},"excerpt":{"rendered":"<p>Solutions for business growth<\/p>","protected":false},"author":1,"featured_media":4907,"parent":0,"menu_order":0,"comment_status":"closed","ping_status":"closed","template":"","meta":{"footnotes":""},"class_list":["post-988015","page","type-page","status-publish","has-post-thumbnail","hentry"],"yoast_head":"<!-- This site is optimized with the Yoast SEO plugin v25.2 - https:\/\/yoast.com\/wordpress\/plugins\/seo\/ -->\n<title>DevOps - Dijitalle\u015fme s\u00fcre\u00e7lerinizde i\u015f orta\u011f\u0131n\u0131z.<\/title>\n<meta name=\"robots\" content=\"index, follow, max-snippet:-1, max-image-preview:large, max-video-preview:-1\" \/>\n<link rel=\"canonical\" href=\"https:\/\/involit.com\/en\/devops\/\" \/>\n<meta property=\"og:locale\" content=\"en_US\" \/>\n<meta property=\"og:type\" content=\"article\" \/>\n<meta property=\"og:title\" content=\"DevOps - Dijitalle\u015fme s\u00fcre\u00e7lerinizde i\u015f orta\u011f\u0131n\u0131z.\" \/>\n<meta property=\"og:description\" content=\"Solutions for business growth\" \/>\n<meta property=\"og:url\" content=\"https:\/\/involit.com\/en\/devops\/\" \/>\n<meta property=\"og:site_name\" content=\"Dijitalle\u015fme s\u00fcre\u00e7lerinizde i\u015f orta\u011f\u0131n\u0131z.\" \/>\n<meta property=\"article:modified_time\" content=\"2025-07-29T23:34:20+00:00\" \/>\n<meta property=\"og:image\" content=\"https:\/\/involit.com\/wp-content\/uploads\/2023\/05\/GettyImages-1406332084.jpg\" \/>\n\t<meta property=\"og:image:width\" content=\"1452\" \/>\n\t<meta property=\"og:image:height\" content=\"968\" \/>\n\t<meta property=\"og:image:type\" content=\"image\/jpeg\" \/>\n<meta name=\"twitter:card\" content=\"summary_large_image\" \/>\n<meta name=\"twitter:label1\" content=\"Est. reading time\" \/>\n\t<meta name=\"twitter:data1\" content=\"2 minutes\" \/>\n<script type=\"application\/ld+json\" class=\"yoast-schema-graph\">{\"@context\":\"https:\/\/schema.org\",\"@graph\":[{\"@type\":\"WebPage\",\"@id\":\"https:\/\/involit.com\/devops\/\",\"url\":\"https:\/\/involit.com\/devops\/\",\"name\":\"DevOps - Dijitalle\u015fme s\u00fcre\u00e7lerinizde i\u015f orta\u011f\u0131n\u0131z.\",\"isPartOf\":{\"@id\":\"https:\/\/involit.com\/#website\"},\"primaryImageOfPage\":{\"@id\":\"https:\/\/involit.com\/devops\/#primaryimage\"},\"image\":{\"@id\":\"https:\/\/involit.com\/devops\/#primaryimage\"},\"thumbnailUrl\":\"https:\/\/involit.com\/wp-content\/uploads\/2023\/05\/GettyImages-1406332084.jpg\",\"datePublished\":\"2025-07-29T15:18:31+00:00\",\"dateModified\":\"2025-07-29T23:34:20+00:00\",\"breadcrumb\":{\"@id\":\"https:\/\/involit.com\/devops\/#breadcrumb\"},\"inLanguage\":\"en-US\",\"potentialAction\":[{\"@type\":\"ReadAction\",\"target\":[\"https:\/\/involit.com\/devops\/\"]}]},{\"@type\":\"ImageObject\",\"inLanguage\":\"en-US\",\"@id\":\"https:\/\/involit.com\/devops\/#primaryimage\",\"url\":\"https:\/\/involit.com\/wp-content\/uploads\/2023\/05\/GettyImages-1406332084.jpg\",\"contentUrl\":\"https:\/\/involit.com\/wp-content\/uploads\/2023\/05\/GettyImages-1406332084.jpg\",\"width\":1452,\"height\":968},{\"@type\":\"BreadcrumbList\",\"@id\":\"https:\/\/involit.com\/devops\/#breadcrumb\",\"itemListElement\":[{\"@type\":\"ListItem\",\"position\":1,\"name\":\"Home\",\"item\":\"https:\/\/involit.com\/\"},{\"@type\":\"ListItem\",\"position\":2,\"name\":\"DevOps\"}]},{\"@type\":\"WebSite\",\"@id\":\"https:\/\/involit.com\/#website\",\"url\":\"https:\/\/involit.com\/\",\"name\":\"Dijitalle\u015fme s\u00fcre\u00e7lerinizde i\u015f orta\u011f\u0131n\u0131z.\",\"description\":\"\",\"publisher\":{\"@id\":\"https:\/\/involit.com\/#organization\"},\"potentialAction\":[{\"@type\":\"SearchAction\",\"target\":{\"@type\":\"EntryPoint\",\"urlTemplate\":\"https:\/\/involit.com\/?s={search_term_string}\"},\"query-input\":{\"@type\":\"PropertyValueSpecification\",\"valueRequired\":true,\"valueName\":\"search_term_string\"}}],\"inLanguage\":\"en-US\"},{\"@type\":\"Organization\",\"@id\":\"https:\/\/involit.com\/#organization\",\"name\":\"Dijitalle\u015fme s\u00fcre\u00e7lerinizde i\u015f orta\u011f\u0131n\u0131z.\",\"url\":\"https:\/\/involit.com\/\",\"logo\":{\"@type\":\"ImageObject\",\"inLanguage\":\"en-US\",\"@id\":\"https:\/\/involit.com\/#\/schema\/logo\/image\/\",\"url\":\"https:\/\/involit.com\/wp-content\/uploads\/2025\/06\/Adsiz-tasarim-2025-06-04T063852.191-scaled.png\",\"contentUrl\":\"https:\/\/involit.com\/wp-content\/uploads\/2025\/06\/Adsiz-tasarim-2025-06-04T063852.191-scaled.png\",\"width\":2560,\"height\":1280,\"caption\":\"Dijitalle\u015fme s\u00fcre\u00e7lerinizde i\u015f orta\u011f\u0131n\u0131z.\"},\"image\":{\"@id\":\"https:\/\/involit.com\/#\/schema\/logo\/image\/\"}}]}<\/script>\n<!-- \/ Yoast SEO plugin. -->","yoast_head_json":{"title":"DevOps - Dijitalle\u015fme s\u00fcre\u00e7lerinizde i\u015f orta\u011f\u0131n\u0131z.","robots":{"index":"index","follow":"follow","max-snippet":"max-snippet:-1","max-image-preview":"max-image-preview:large","max-video-preview":"max-video-preview:-1"},"canonical":"https:\/\/involit.com\/en\/devops\/","og_locale":"en_US","og_type":"article","og_title":"DevOps - Dijitalle\u015fme s\u00fcre\u00e7lerinizde i\u015f orta\u011f\u0131n\u0131z.","og_description":"Solutions for business growth","og_url":"https:\/\/involit.com\/en\/devops\/","og_site_name":"Dijitalle\u015fme s\u00fcre\u00e7lerinizde i\u015f orta\u011f\u0131n\u0131z.","article_modified_time":"2025-07-29T23:34:20+00:00","og_image":[{"width":1452,"height":968,"url":"https:\/\/involit.com\/wp-content\/uploads\/2023\/05\/GettyImages-1406332084.jpg","type":"image\/jpeg"}],"twitter_card":"summary_large_image","twitter_misc":{"Est. reading time":"2 minutes"},"schema":{"@context":"https:\/\/schema.org","@graph":[{"@type":"WebPage","@id":"https:\/\/involit.com\/devops\/","url":"https:\/\/involit.com\/devops\/","name":"DevOps - Dijitalle\u015fme s\u00fcre\u00e7lerinizde i\u015f orta\u011f\u0131n\u0131z.","isPartOf":{"@id":"https:\/\/involit.com\/#website"},"primaryImageOfPage":{"@id":"https:\/\/involit.com\/devops\/#primaryimage"},"image":{"@id":"https:\/\/involit.com\/devops\/#primaryimage"},"thumbnailUrl":"https:\/\/involit.com\/wp-content\/uploads\/2023\/05\/GettyImages-1406332084.jpg","datePublished":"2025-07-29T15:18:31+00:00","dateModified":"2025-07-29T23:34:20+00:00","breadcrumb":{"@id":"https:\/\/involit.com\/devops\/#breadcrumb"},"inLanguage":"en-US","potentialAction":[{"@type":"ReadAction","target":["https:\/\/involit.com\/devops\/"]}]},{"@type":"ImageObject","inLanguage":"en-US","@id":"https:\/\/involit.com\/devops\/#primaryimage","url":"https:\/\/involit.com\/wp-content\/uploads\/2023\/05\/GettyImages-1406332084.jpg","contentUrl":"https:\/\/involit.com\/wp-content\/uploads\/2023\/05\/GettyImages-1406332084.jpg","width":1452,"height":968},{"@type":"BreadcrumbList","@id":"https:\/\/involit.com\/devops\/#breadcrumb","itemListElement":[{"@type":"ListItem","position":1,"name":"Home","item":"https:\/\/involit.com\/"},{"@type":"ListItem","position":2,"name":"DevOps"}]},{"@type":"WebSite","@id":"https:\/\/involit.com\/#website","url":"https:\/\/involit.com\/","name":"Your partner in your digitalisation processes.","description":"","publisher":{"@id":"https:\/\/involit.com\/#organization"},"potentialAction":[{"@type":"SearchAction","target":{"@type":"EntryPoint","urlTemplate":"https:\/\/involit.com\/?s={search_term_string}"},"query-input":{"@type":"PropertyValueSpecification","valueRequired":true,"valueName":"search_term_string"}}],"inLanguage":"en-US"},{"@type":"Organization","@id":"https:\/\/involit.com\/#organization","name":"Your partner in your digitalisation processes.","url":"https:\/\/involit.com\/","logo":{"@type":"ImageObject","inLanguage":"en-US","@id":"https:\/\/involit.com\/#\/schema\/logo\/image\/","url":"https:\/\/involit.com\/wp-content\/uploads\/2025\/06\/Adsiz-tasarim-2025-06-04T063852.191-scaled.png","contentUrl":"https:\/\/involit.com\/wp-content\/uploads\/2025\/06\/Adsiz-tasarim-2025-06-04T063852.191-scaled.png","width":2560,"height":1280,"caption":"Dijitalle\u015fme s\u00fcre\u00e7lerinizde i\u015f orta\u011f\u0131n\u0131z."},"image":{"@id":"https:\/\/involit.com\/#\/schema\/logo\/image\/"}}]}},"_links":{"self":[{"href":"https:\/\/involit.com\/en\/wp-json\/wp\/v2\/pages\/988015","targetHints":{"allow":["GET"]}}],"collection":[{"href":"https:\/\/involit.com\/en\/wp-json\/wp\/v2\/pages"}],"about":[{"href":"https:\/\/involit.com\/en\/wp-json\/wp\/v2\/types\/page"}],"author":[{"embeddable":true,"href":"https:\/\/involit.com\/en\/wp-json\/wp\/v2\/users\/1"}],"replies":[{"embeddable":true,"href":"https:\/\/involit.com\/en\/wp-json\/wp\/v2\/comments?post=988015"}],"version-history":[{"count":4,"href":"https:\/\/involit.com\/en\/wp-json\/wp\/v2\/pages\/988015\/revisions"}],"predecessor-version":[{"id":988102,"href":"https:\/\/involit.com\/en\/wp-json\/wp\/v2\/pages\/988015\/revisions\/988102"}],"wp:featuredmedia":[{"embeddable":true,"href":"https:\/\/involit.com\/en\/wp-json\/wp\/v2\/media\/4907"}],"wp:attachment":[{"href":"https:\/\/involit.com\/en\/wp-json\/wp\/v2\/media?parent=988015"}],"curies":[{"name":"wp","href":"https:\/\/api.w.org\/{rel}","templated":true}]}}