{"id":988415,"date":"2025-09-05T13:53:38","date_gmt":"2025-09-05T13:53:38","guid":{"rendered":"https:\/\/involit.com\/?page_id=988415"},"modified":"2025-09-05T14:06:12","modified_gmt":"2025-09-05T14:06:12","slug":"hakkimizda","status":"publish","type":"page","link":"https:\/\/involit.com\/de\/hakkimizda\/","title":{"rendered":"\u00dcber Uns"},"content":{"rendered":"<div data-elementor-type=\"wp-page\" data-elementor-id=\"988415\" class=\"elementor elementor-988415\" data-elementor-post-type=\"page\">\n\t\t\t\t\t\t<section class=\"elementor-section elementor-top-section elementor-element elementor-element-0d2326f elementor-section-boxed elementor-section-height-default elementor-section-height-default\" data-id=\"0d2326f\" data-element_type=\"section\">\n\t\t\t\t\t\t<div class=\"elementor-container elementor-column-gap-no\">\n\t\t\t\t\t<div class=\"elementor-column elementor-col-100 elementor-top-column elementor-element elementor-element-24a70d8\" data-id=\"24a70d8\" data-element_type=\"column\">\n\t\t\t<div class=\"elementor-widget-wrap elementor-element-populated\">\n\t\t\t\t\t\t<div class=\"elementor-element elementor-element-a220891 elementor-invisible elementor-widget elementor-widget-heading\" data-id=\"a220891\" data-element_type=\"widget\" data-settings=\"{&quot;_animation&quot;:&quot;fadeIn&quot;,&quot;_animation_tablet&quot;:&quot;none&quot;,&quot;_animation_delay&quot;:300}\" data-widget_type=\"heading.default\">\n\t\t\t\t<div class=\"elementor-widget-container\">\n\t\t\t\t\t<h1 class=\"elementor-heading-title elementor-size-default\">Ihr Technologiepartner auf Ihrem Weg zur Digitalisierung f\u00fcr nachhaltigen Erfolg<\/h1>\t\t\t\t<\/div>\n\t\t\t\t<\/div>\n\t\t\t\t\t<\/div>\n\t\t<\/div>\n\t\t\t\t\t<\/div>\n\t\t<\/section>\n\t\t\t\t<section class=\"elementor-section elementor-top-section elementor-element elementor-element-2edf404 elementor-section-boxed elementor-section-height-default elementor-section-height-default\" data-id=\"2edf404\" data-element_type=\"section\">\n\t\t\t\t\t\t<div class=\"elementor-container elementor-column-gap-no\">\n\t\t\t\t\t<div class=\"elementor-column elementor-col-100 elementor-top-column elementor-element elementor-element-70403fb\" data-id=\"70403fb\" data-element_type=\"column\">\n\t\t\t<div class=\"elementor-widget-wrap elementor-element-populated\">\n\t\t\t\t\t\t<div class=\"elementor-element elementor-element-69ec8e6 elementor-widget elementor-widget-global elementor-global-3575 elementor-widget-spacer\" data-id=\"69ec8e6\" data-element_type=\"widget\" data-widget_type=\"spacer.default\">\n\t\t\t\t<div class=\"elementor-widget-container\">\n\t\t\t\t\t\t\t<div class=\"elementor-spacer\">\n\t\t\t<div class=\"elementor-spacer-inner\"><\/div>\n\t\t<\/div>\n\t\t\t\t\t\t<\/div>\n\t\t\t\t<\/div>\n\t\t\t\t\t<\/div>\n\t\t<\/div>\n\t\t\t\t\t<\/div>\n\t\t<\/section>\n\t\t\t\t<section class=\"elementor-section elementor-top-section elementor-element elementor-element-0beb947 elementor-section-boxed elementor-section-height-default elementor-section-height-default\" data-id=\"0beb947\" data-element_type=\"section\">\n\t\t\t\t\t\t<div class=\"elementor-container elementor-column-gap-no\">\n\t\t\t\t\t<div class=\"elementor-column elementor-col-100 elementor-top-column elementor-element elementor-element-fc77295\" data-id=\"fc77295\" data-element_type=\"column\">\n\t\t\t<div class=\"elementor-widget-wrap elementor-element-populated\">\n\t\t\t\t\t\t<div class=\"elementor-element elementor-element-532b034 elementor-widget__width-initial elementor-widget elementor-widget-text-editor\" data-id=\"532b034\" data-element_type=\"widget\" data-widget_type=\"text-editor.default\">\n\t\t\t\t<div class=\"elementor-widget-container\">\n\t\t\t\t\t\t\t\t\t<p class=\"p1\">Involit ist nicht nur ein Unternehmen, welches Toolkonfigurationen durchf\u00fchrt, sondern\nein Technologiepartner, der Ihnen auf Ihrem Weg zur Digitalisierung L\u00f6sungsvorschl\u00e4ge\nunterbreitet und Ihnen mit seinen L\u00f6sungen den Weg weisen m\u00f6chte.<\/p><p class=\"p1\">Wir nutzen Atlassian und monday.com auf die effizienteste Weise, um Unternehmen aus\nverschiedenen Branchen, von der Verteidigungsindustrie \u00fcber Softwareentwicklung,\nAutomobilindustrie, Immobilien und Produktion bis hin zu E-Commerce, Finanzen,\nBanken und Versicherungen, als L\u00f6sungspartner von Atlassian und monday.com\nEnd-to-End-L\u00f6sungen f\u00fcr Ihre Digitalisierung an.<\/p><p class=\"p1\">Der zuverl\u00e4ssigste und effektivste Technologiepartner auf dem Weg der digitalen\nTransformation von Unternehmen zu sein.<\/p>\t\t\t\t\t\t\t\t<\/div>\n\t\t\t\t<\/div>\n\t\t\t\t<div class=\"elementor-element elementor-element-c197993 elementor-widget elementor-widget-spacer\" data-id=\"c197993\" data-element_type=\"widget\" data-widget_type=\"spacer.default\">\n\t\t\t\t<div class=\"elementor-widget-container\">\n\t\t\t\t\t\t\t<div class=\"elementor-spacer\">\n\t\t\t<div class=\"elementor-spacer-inner\"><\/div>\n\t\t<\/div>\n\t\t\t\t\t\t<\/div>\n\t\t\t\t<\/div>\n\t\t\t\t\t<\/div>\n\t\t<\/div>\n\t\t\t\t\t<\/div>\n\t\t<\/section>\n\t\t\t\t<section class=\"elementor-section elementor-top-section elementor-element elementor-element-c7dea03 elementor-section-boxed elementor-section-height-default elementor-section-height-default\" data-id=\"c7dea03\" data-element_type=\"section\" data-settings=\"{&quot;background_background&quot;:&quot;gradient&quot;}\">\n\t\t\t\t\t\t<div class=\"elementor-container elementor-column-gap-no\">\n\t\t\t\t\t<div class=\"elementor-column elementor-col-100 elementor-top-column elementor-element elementor-element-a03b0eb\" data-id=\"a03b0eb\" data-element_type=\"column\">\n\t\t\t<div class=\"elementor-widget-wrap elementor-element-populated\">\n\t\t\t\t\t\t<section class=\"elementor-section elementor-inner-section elementor-element elementor-element-926cfce elementor-section-height-min-height elementor-section-boxed elementor-section-height-default\" data-id=\"926cfce\" data-element_type=\"section\">\n\t\t\t\t\t\t<div class=\"elementor-container elementor-column-gap-no\">\n\t\t\t\t\t<div class=\"elementor-column elementor-col-33 elementor-inner-column elementor-element elementor-element-e2ef3f5\" data-id=\"e2ef3f5\" data-element_type=\"column\" data-settings=\"{&quot;background_background&quot;:&quot;classic&quot;}\">\n\t\t\t<div class=\"elementor-widget-wrap elementor-element-populated\">\n\t\t\t\t\t\t<div class=\"elementor-element elementor-element-91336dc elementor-widget elementor-widget-icon-box\" data-id=\"91336dc\" data-element_type=\"widget\" data-widget_type=\"icon-box.default\">\n\t\t\t\t<div class=\"elementor-widget-container\">\n\t\t\t\t\t\t\t<div class=\"elementor-icon-box-wrapper\">\n\n\t\t\t\n\t\t\t\t\t\t<div class=\"elementor-icon-box-content\">\n\n\t\t\t\t\t\t\t\t\t<h5 class=\"elementor-icon-box-title\">\n\t\t\t\t\t\t<span  >\n\t\t\t\t\t\t\tVision\t\t\t\t\t\t<\/span>\n\t\t\t\t\t<\/h5>\n\t\t\t\t\n\t\t\t\t\t\t\t\t\t<p class=\"elementor-icon-box-description\">\n\t\t\t\t\t\tDer zuverl\u00e4ssigste und effektivste Technologiepartner f\u00fcr Unternehmen auf ihrem Weg zur digitalen Transformation zu sein.\n\t\t\t\t\t<\/p>\n\t\t\t\t\n\t\t\t<\/div>\n\t\t\t\n\t\t<\/div>\n\t\t\t\t\t\t<\/div>\n\t\t\t\t<\/div>\n\t\t\t\t\t<\/div>\n\t\t<\/div>\n\t\t\t\t<div class=\"elementor-column elementor-col-33 elementor-inner-column elementor-element elementor-element-178f14c\" data-id=\"178f14c\" data-element_type=\"column\" data-settings=\"{&quot;background_background&quot;:&quot;classic&quot;}\">\n\t\t\t<div class=\"elementor-widget-wrap elementor-element-populated\">\n\t\t\t\t\t\t<div class=\"elementor-element elementor-element-2d94655 elementor-widget elementor-widget-icon-box\" data-id=\"2d94655\" data-element_type=\"widget\" data-widget_type=\"icon-box.default\">\n\t\t\t\t<div class=\"elementor-widget-container\">\n\t\t\t\t\t\t\t<div class=\"elementor-icon-box-wrapper\">\n\n\t\t\t\n\t\t\t\t\t\t<div class=\"elementor-icon-box-content\">\n\n\t\t\t\t\t\t\t\t\t<h5 class=\"elementor-icon-box-title\">\n\t\t\t\t\t\t<span  >\n\t\t\t\t\t\t\tMission\t\t\t\t\t\t<\/span>\n\t\t\t\t\t<\/h5>\n\t\t\t\t\n\t\t\t\t\t\t\t\t\t<p class=\"elementor-icon-box-description\">\n\t\t\t\t\t\tWir helfen Unternehmen dabei, Ihre Gesch\u00e4ftsprozesse neu zu definieren und\ndigitale Werkzeuge durch Technologieberatung und Prozessgestaltung optimal\neinzusetzen.\t\t\t\t\t<\/p>\n\t\t\t\t\n\t\t\t<\/div>\n\t\t\t\n\t\t<\/div>\n\t\t\t\t\t\t<\/div>\n\t\t\t\t<\/div>\n\t\t\t\t\t<\/div>\n\t\t<\/div>\n\t\t\t\t<div class=\"elementor-column elementor-col-33 elementor-inner-column elementor-element elementor-element-6854e6a\" data-id=\"6854e6a\" data-element_type=\"column\" data-settings=\"{&quot;background_background&quot;:&quot;classic&quot;}\">\n\t\t\t<div class=\"elementor-widget-wrap elementor-element-populated\">\n\t\t\t\t\t\t<div class=\"elementor-element elementor-element-27e76ac elementor-widget elementor-widget-icon-box\" data-id=\"27e76ac\" data-element_type=\"widget\" data-widget_type=\"icon-box.default\">\n\t\t\t\t<div class=\"elementor-widget-container\">\n\t\t\t\t\t\t\t<div class=\"elementor-icon-box-wrapper\">\n\n\t\t\t\n\t\t\t\t\t\t<div class=\"elementor-icon-box-content\">\n\n\t\t\t\t\t\t\t\t\t<h5 class=\"elementor-icon-box-title\">\n\t\t\t\t\t\t<span  >\n\t\t\t\t\t\t\tWerte\t\t\t\t\t\t<\/span>\n\t\t\t\t\t<\/h5>\n\t\t\t\t\n\t\t\t\t\t\t\t\t\t<p class=\"elementor-icon-box-description\">\n\t\t\t\t\t\tInvolit handelt nach den Prinzipien Zuverl\u00e4ssigkeit, Fachkompetenz und\nL\u00f6sungsorientierung. Dank unserer langj\u00e4hrigen Erfahrung bieten wir f\u00fcr jedes Projekt\nstrategische und flexible Ans\u00e4tze an und entwickeln gemeinsam mit unseren Kunden\nnachhaltige und wertsch\u00f6pfende L\u00f6sungen. Wir verfolgen technologische Entwicklungen\naufmerksam und passen uns schnell an ver\u00e4nderte Anforderungen an, wobei\nkontinuierliche Verbesserung unser Leitprinzip ist.\n\t\t\t\t\t<\/p>\n\t\t\t\t\n\t\t\t<\/div>\n\t\t\t\n\t\t<\/div>\n\t\t\t\t\t\t<\/div>\n\t\t\t\t<\/div>\n\t\t\t\t\t<\/div>\n\t\t<\/div>\n\t\t\t\t\t<\/div>\n\t\t<\/section>\n\t\t\t\t\t<\/div>\n\t\t<\/div>\n\t\t\t\t\t<\/div>\n\t\t<\/section>\n\t\t\t\t<section class=\"elementor-section elementor-top-section elementor-element elementor-element-f7bc724 elementor-section-boxed elementor-section-height-default elementor-section-height-default\" data-id=\"f7bc724\" data-element_type=\"section\">\n\t\t\t\t\t\t<div class=\"elementor-container elementor-column-gap-no\">\n\t\t\t\t\t<div class=\"elementor-column elementor-col-100 elementor-top-column elementor-element elementor-element-b50eac8\" data-id=\"b50eac8\" data-element_type=\"column\">\n\t\t\t<div class=\"elementor-widget-wrap elementor-element-populated\">\n\t\t\t\t\t\t<div class=\"elementor-element elementor-element-73e9e46 elementor-widget elementor-widget-global elementor-global-3575 elementor-widget-spacer\" data-id=\"73e9e46\" data-element_type=\"widget\" data-widget_type=\"spacer.default\">\n\t\t\t\t<div class=\"elementor-widget-container\">\n\t\t\t\t\t\t\t<div class=\"elementor-spacer\">\n\t\t\t<div class=\"elementor-spacer-inner\"><\/div>\n\t\t<\/div>\n\t\t\t\t\t\t<\/div>\n\t\t\t\t<\/div>\n\t\t\t\t\t<\/div>\n\t\t<\/div>\n\t\t\t\t\t<\/div>\n\t\t<\/section>\n\t\t\t\t<\/div>","protected":false},"excerpt":{"rendered":"<p>Digital marketing solutions designed to generate revenue for your business<\/p>","protected":false},"author":2,"featured_media":6704,"parent":0,"menu_order":0,"comment_status":"closed","ping_status":"closed","template":"","meta":{"footnotes":""},"class_list":["post-988415","page","type-page","status-publish","has-post-thumbnail","hentry"],"yoast_head":"<!-- This site is optimized with the Yoast SEO plugin v25.2 - https:\/\/yoast.com\/wordpress\/plugins\/seo\/ -->\n<title>Hakk\u0131m\u0131zda - Dijitalle\u015fme s\u00fcre\u00e7lerinizde i\u015f orta\u011f\u0131n\u0131z.<\/title>\n<meta name=\"robots\" content=\"index, follow, max-snippet:-1, max-image-preview:large, max-video-preview:-1\" \/>\n<link rel=\"canonical\" href=\"https:\/\/involit.com\/de\/hakkimizda\/\" \/>\n<meta property=\"og:locale\" content=\"de_DE\" \/>\n<meta property=\"og:type\" content=\"article\" \/>\n<meta property=\"og:title\" content=\"Hakk\u0131m\u0131zda - Dijitalle\u015fme s\u00fcre\u00e7lerinizde i\u015f orta\u011f\u0131n\u0131z.\" \/>\n<meta property=\"og:description\" content=\"Digital marketing solutions designed to generate revenue for your business\" \/>\n<meta property=\"og:url\" content=\"https:\/\/involit.com\/de\/hakkimizda\/\" \/>\n<meta property=\"og:site_name\" content=\"Dijitalle\u015fme s\u00fcre\u00e7lerinizde i\u015f orta\u011f\u0131n\u0131z.\" \/>\n<meta property=\"article:modified_time\" content=\"2025-09-05T14:06:12+00:00\" \/>\n<meta property=\"og:image\" content=\"https:\/\/involit.com\/wp-content\/uploads\/2023\/05\/pexels-moe-magners-7495410.jpg\" \/>\n\t<meta property=\"og:image:width\" content=\"1028\" \/>\n\t<meta property=\"og:image:height\" content=\"952\" \/>\n\t<meta property=\"og:image:type\" content=\"image\/jpeg\" \/>\n<meta name=\"twitter:card\" content=\"summary_large_image\" \/>\n<meta name=\"twitter:label1\" content=\"Gesch\u00e4tzte Lesezeit\" \/>\n\t<meta name=\"twitter:data1\" content=\"1\u00a0Minute\" \/>\n<script type=\"application\/ld+json\" class=\"yoast-schema-graph\">{\"@context\":\"https:\/\/schema.org\",\"@graph\":[{\"@type\":\"WebPage\",\"@id\":\"https:\/\/involit.com\/hakkimizda\/\",\"url\":\"https:\/\/involit.com\/hakkimizda\/\",\"name\":\"Hakk\u0131m\u0131zda - Dijitalle\u015fme s\u00fcre\u00e7lerinizde i\u015f orta\u011f\u0131n\u0131z.\",\"isPartOf\":{\"@id\":\"https:\/\/involit.com\/#website\"},\"primaryImageOfPage\":{\"@id\":\"https:\/\/involit.com\/hakkimizda\/#primaryimage\"},\"image\":{\"@id\":\"https:\/\/involit.com\/hakkimizda\/#primaryimage\"},\"thumbnailUrl\":\"https:\/\/involit.com\/wp-content\/uploads\/2023\/05\/pexels-moe-magners-7495410.jpg\",\"datePublished\":\"2025-09-05T13:53:38+00:00\",\"dateModified\":\"2025-09-05T14:06:12+00:00\",\"breadcrumb\":{\"@id\":\"https:\/\/involit.com\/hakkimizda\/#breadcrumb\"},\"inLanguage\":\"de\",\"potentialAction\":[{\"@type\":\"ReadAction\",\"target\":[\"https:\/\/involit.com\/hakkimizda\/\"]}]},{\"@type\":\"ImageObject\",\"inLanguage\":\"de\",\"@id\":\"https:\/\/involit.com\/hakkimizda\/#primaryimage\",\"url\":\"https:\/\/involit.com\/wp-content\/uploads\/2023\/05\/pexels-moe-magners-7495410.jpg\",\"contentUrl\":\"https:\/\/involit.com\/wp-content\/uploads\/2023\/05\/pexels-moe-magners-7495410.jpg\",\"width\":1028,\"height\":952},{\"@type\":\"BreadcrumbList\",\"@id\":\"https:\/\/involit.com\/hakkimizda\/#breadcrumb\",\"itemListElement\":[{\"@type\":\"ListItem\",\"position\":1,\"name\":\"Home\",\"item\":\"https:\/\/involit.com\/\"},{\"@type\":\"ListItem\",\"position\":2,\"name\":\"Hakk\u0131m\u0131zda\"}]},{\"@type\":\"WebSite\",\"@id\":\"https:\/\/involit.com\/#website\",\"url\":\"https:\/\/involit.com\/\",\"name\":\"Dijitalle\u015fme s\u00fcre\u00e7lerinizde i\u015f orta\u011f\u0131n\u0131z.\",\"description\":\"\",\"publisher\":{\"@id\":\"https:\/\/involit.com\/#organization\"},\"potentialAction\":[{\"@type\":\"SearchAction\",\"target\":{\"@type\":\"EntryPoint\",\"urlTemplate\":\"https:\/\/involit.com\/?s={search_term_string}\"},\"query-input\":{\"@type\":\"PropertyValueSpecification\",\"valueRequired\":true,\"valueName\":\"search_term_string\"}}],\"inLanguage\":\"de\"},{\"@type\":\"Organization\",\"@id\":\"https:\/\/involit.com\/#organization\",\"name\":\"Dijitalle\u015fme s\u00fcre\u00e7lerinizde i\u015f orta\u011f\u0131n\u0131z.\",\"url\":\"https:\/\/involit.com\/\",\"logo\":{\"@type\":\"ImageObject\",\"inLanguage\":\"de\",\"@id\":\"https:\/\/involit.com\/#\/schema\/logo\/image\/\",\"url\":\"https:\/\/involit.com\/wp-content\/uploads\/2025\/06\/Adsiz-tasarim-2025-06-04T063852.191-scaled.png\",\"contentUrl\":\"https:\/\/involit.com\/wp-content\/uploads\/2025\/06\/Adsiz-tasarim-2025-06-04T063852.191-scaled.png\",\"width\":2560,\"height\":1280,\"caption\":\"Dijitalle\u015fme s\u00fcre\u00e7lerinizde i\u015f orta\u011f\u0131n\u0131z.\"},\"image\":{\"@id\":\"https:\/\/involit.com\/#\/schema\/logo\/image\/\"}}]}<\/script>\n<!-- \/ Yoast SEO plugin. -->","yoast_head_json":{"title":"Hakk\u0131m\u0131zda - Dijitalle\u015fme s\u00fcre\u00e7lerinizde i\u015f orta\u011f\u0131n\u0131z.","robots":{"index":"index","follow":"follow","max-snippet":"max-snippet:-1","max-image-preview":"max-image-preview:large","max-video-preview":"max-video-preview:-1"},"canonical":"https:\/\/involit.com\/de\/hakkimizda\/","og_locale":"de_DE","og_type":"article","og_title":"Hakk\u0131m\u0131zda - Dijitalle\u015fme s\u00fcre\u00e7lerinizde i\u015f orta\u011f\u0131n\u0131z.","og_description":"Digital marketing solutions designed to generate revenue for your business","og_url":"https:\/\/involit.com\/de\/hakkimizda\/","og_site_name":"Dijitalle\u015fme s\u00fcre\u00e7lerinizde i\u015f orta\u011f\u0131n\u0131z.","article_modified_time":"2025-09-05T14:06:12+00:00","og_image":[{"width":1028,"height":952,"url":"https:\/\/involit.com\/wp-content\/uploads\/2023\/05\/pexels-moe-magners-7495410.jpg","type":"image\/jpeg"}],"twitter_card":"summary_large_image","twitter_misc":{"Gesch\u00e4tzte Lesezeit":"1\u00a0Minute"},"schema":{"@context":"https:\/\/schema.org","@graph":[{"@type":"WebPage","@id":"https:\/\/involit.com\/hakkimizda\/","url":"https:\/\/involit.com\/hakkimizda\/","name":"Hakk\u0131m\u0131zda - Dijitalle\u015fme s\u00fcre\u00e7lerinizde i\u015f orta\u011f\u0131n\u0131z.","isPartOf":{"@id":"https:\/\/involit.com\/#website"},"primaryImageOfPage":{"@id":"https:\/\/involit.com\/hakkimizda\/#primaryimage"},"image":{"@id":"https:\/\/involit.com\/hakkimizda\/#primaryimage"},"thumbnailUrl":"https:\/\/involit.com\/wp-content\/uploads\/2023\/05\/pexels-moe-magners-7495410.jpg","datePublished":"2025-09-05T13:53:38+00:00","dateModified":"2025-09-05T14:06:12+00:00","breadcrumb":{"@id":"https:\/\/involit.com\/hakkimizda\/#breadcrumb"},"inLanguage":"de","potentialAction":[{"@type":"ReadAction","target":["https:\/\/involit.com\/hakkimizda\/"]}]},{"@type":"ImageObject","inLanguage":"de","@id":"https:\/\/involit.com\/hakkimizda\/#primaryimage","url":"https:\/\/involit.com\/wp-content\/uploads\/2023\/05\/pexels-moe-magners-7495410.jpg","contentUrl":"https:\/\/involit.com\/wp-content\/uploads\/2023\/05\/pexels-moe-magners-7495410.jpg","width":1028,"height":952},{"@type":"BreadcrumbList","@id":"https:\/\/involit.com\/hakkimizda\/#breadcrumb","itemListElement":[{"@type":"ListItem","position":1,"name":"Home","item":"https:\/\/involit.com\/"},{"@type":"ListItem","position":2,"name":"Hakk\u0131m\u0131zda"}]},{"@type":"WebSite","@id":"https:\/\/involit.com\/#website","url":"https:\/\/involit.com\/","name":"Ihr Partner f\u00fcr Ihre Digitalisierungs - prozesse.","description":"","publisher":{"@id":"https:\/\/involit.com\/#organization"},"potentialAction":[{"@type":"SearchAction","target":{"@type":"EntryPoint","urlTemplate":"https:\/\/involit.com\/?s={search_term_string}"},"query-input":{"@type":"PropertyValueSpecification","valueRequired":true,"valueName":"search_term_string"}}],"inLanguage":"de"},{"@type":"Organization","@id":"https:\/\/involit.com\/#organization","name":"Ihr Partner f\u00fcr Ihre Digitalisierungs - prozesse.","url":"https:\/\/involit.com\/","logo":{"@type":"ImageObject","inLanguage":"de","@id":"https:\/\/involit.com\/#\/schema\/logo\/image\/","url":"https:\/\/involit.com\/wp-content\/uploads\/2025\/06\/Adsiz-tasarim-2025-06-04T063852.191-scaled.png","contentUrl":"https:\/\/involit.com\/wp-content\/uploads\/2025\/06\/Adsiz-tasarim-2025-06-04T063852.191-scaled.png","width":2560,"height":1280,"caption":"Dijitalle\u015fme s\u00fcre\u00e7lerinizde i\u015f orta\u011f\u0131n\u0131z."},"image":{"@id":"https:\/\/involit.com\/#\/schema\/logo\/image\/"}}]}},"_links":{"self":[{"href":"https:\/\/involit.com\/de\/wp-json\/wp\/v2\/pages\/988415","targetHints":{"allow":["GET"]}}],"collection":[{"href":"https:\/\/involit.com\/de\/wp-json\/wp\/v2\/pages"}],"about":[{"href":"https:\/\/involit.com\/de\/wp-json\/wp\/v2\/types\/page"}],"author":[{"embeddable":true,"href":"https:\/\/involit.com\/de\/wp-json\/wp\/v2\/users\/2"}],"replies":[{"embeddable":true,"href":"https:\/\/involit.com\/de\/wp-json\/wp\/v2\/comments?post=988415"}],"version-history":[{"count":4,"href":"https:\/\/involit.com\/de\/wp-json\/wp\/v2\/pages\/988415\/revisions"}],"predecessor-version":[{"id":988420,"href":"https:\/\/involit.com\/de\/wp-json\/wp\/v2\/pages\/988415\/revisions\/988420"}],"wp:featuredmedia":[{"embeddable":true,"href":"https:\/\/involit.com\/de\/wp-json\/wp\/v2\/media\/6704"}],"wp:attachment":[{"href":"https:\/\/involit.com\/de\/wp-json\/wp\/v2\/media?parent=988415"}],"curies":[{"name":"wp","href":"https:\/\/api.w.org\/{rel}","templated":true}]}}