{"id":988017,"date":"2025-07-29T15:18:24","date_gmt":"2025-07-29T15:18:24","guid":{"rendered":"https:\/\/involit.dijitalbacklink.com\/?page_id=988017"},"modified":"2025-07-29T23:24:09","modified_gmt":"2025-07-29T23:24:09","slug":"development","status":"publish","type":"page","link":"https:\/\/involit.com\/de\/development\/","title":{"rendered":"Entwicklung"},"content":{"rendered":"<div data-elementor-type=\"wp-page\" data-elementor-id=\"988017\" class=\"elementor elementor-988017\" data-elementor-post-type=\"page\">\n\t\t\t\t\t\t<section class=\"elementor-section elementor-top-section elementor-element elementor-element-8dae9bf elementor-section-boxed elementor-section-height-default elementor-section-height-default\" data-id=\"8dae9bf\" data-element_type=\"section\">\n\t\t\t\t\t\t<div class=\"elementor-container elementor-column-gap-no\">\n\t\t\t\t\t<div class=\"elementor-column elementor-col-50 elementor-top-column elementor-element elementor-element-6c19b8a\" data-id=\"6c19b8a\" data-element_type=\"column\">\n\t\t\t<div class=\"elementor-widget-wrap elementor-element-populated\">\n\t\t\t\t\t\t<div class=\"elementor-element elementor-element-dcc17f3 elementor-invisible elementor-widget elementor-widget-heading\" data-id=\"dcc17f3\" data-element_type=\"widget\" data-settings=\"{&quot;_animation&quot;:&quot;fadeIn&quot;,&quot;_animation_tablet&quot;:&quot;none&quot;,&quot;_animation_delay&quot;:300}\" data-widget_type=\"heading.default\">\n\t\t\t\t<div class=\"elementor-widget-container\">\n\t\t\t\t\t<h1 class=\"elementor-heading-title elementor-size-default\">Ma\u00dfgeschneiderte Softwareentwicklungsl\u00f6sungen f\u00fcr Sie\n<\/h1>\t\t\t\t<\/div>\n\t\t\t\t<\/div>\n\t\t\t\t<div class=\"elementor-element elementor-element-d221a55 elementor-widget elementor-widget-text-editor\" data-id=\"d221a55\" data-element_type=\"widget\" data-widget_type=\"text-editor.default\">\n\t\t\t\t<div class=\"elementor-widget-container\">\n\t\t\t\t\t\t\t\t\t<p class=\"p1\"><b>Wenn Standardl\u00f6sungen nicht ausreichen, entwickeln wir speziell auf Ihr Unternehmen zugeschnittene Software.<\/b><\/p>\t\t\t\t\t\t\t\t<\/div>\n\t\t\t\t<\/div>\n\t\t\t\t<div class=\"elementor-element elementor-element-4605078 elementor-widget__width-initial elementor-widget-mobile__width-inherit elementor-widget-tablet__width-inherit elementor-widget elementor-widget-text-editor\" data-id=\"4605078\" data-element_type=\"widget\" data-widget_type=\"text-editor.default\">\n\t\t\t\t<div class=\"elementor-widget-container\">\n\t\t\t\t\t\t\t\t\t<p class=\"p1\">Als Involit steigern wir mit speziell f\u00fcr Unternehmen entwickelten Softwarel\u00f6sungen die betriebliche Effizienz, vereinfachen Prozesse und richten digitale Infrastrukturen ein, die mit verschiedenen Systemen kompatibel sind. Wir bieten nicht nur Softwareentwicklung, sondern einen umfassenden Softwareentwicklungsprozess, der alle Schritte von der Analyse \u00fcber die Planung, Entwicklung und Pr\u00fcfung bis hin zur Schulung und Nachhaltigkeit umfasst.<\/p>\t\t\t\t\t\t\t\t<\/div>\n\t\t\t\t<\/div>\n\t\t\t\t\t<\/div>\n\t\t<\/div>\n\t\t\t\t<div class=\"elementor-column elementor-col-50 elementor-top-column elementor-element elementor-element-c3273ba\" data-id=\"c3273ba\" data-element_type=\"column\">\n\t\t\t<div class=\"elementor-widget-wrap elementor-element-populated\">\n\t\t\t\t\t\t<div class=\"elementor-element elementor-element-94b032a elementor-widget-mobile__width-inherit elementor-widget elementor-widget-image\" data-id=\"94b032a\" data-element_type=\"widget\" data-widget_type=\"image.default\">\n\t\t\t\t<div class=\"elementor-widget-container\">\n\t\t\t\t\t\t\t\t\t\t\t\t\t\t\t<img fetchpriority=\"high\" decoding=\"async\" width=\"1452\" height=\"968\" src=\"https:\/\/involit.com\/wp-content\/uploads\/2025\/07\/agile-4.jpg\" class=\"attachment-1536x1536 size-1536x1536 wp-image-988095\" alt=\"\" srcset=\"https:\/\/involit.com\/wp-content\/uploads\/2025\/07\/agile-4.jpg 1452w, https:\/\/involit.com\/wp-content\/uploads\/2025\/07\/agile-4-300x200.jpg 300w, https:\/\/involit.com\/wp-content\/uploads\/2025\/07\/agile-4-1024x683.jpg 1024w, https:\/\/involit.com\/wp-content\/uploads\/2025\/07\/agile-4-768x512.jpg 768w\" sizes=\"(max-width: 1452px) 100vw, 1452px\" \/>\t\t\t\t\t\t\t\t\t\t\t\t\t\t\t<\/div>\n\t\t\t\t<\/div>\n\t\t\t\t\t<\/div>\n\t\t<\/div>\n\t\t\t\t\t<\/div>\n\t\t<\/section>\n\t\t\t\t<section class=\"elementor-section elementor-top-section elementor-element elementor-element-b8d0f27 elementor-section-boxed elementor-section-height-default elementor-section-height-default\" data-id=\"b8d0f27\" data-element_type=\"section\" data-settings=\"{&quot;background_background&quot;:&quot;gradient&quot;}\">\n\t\t\t\t\t\t<div class=\"elementor-container elementor-column-gap-no\">\n\t\t\t\t\t<div class=\"elementor-column elementor-col-33 elementor-top-column elementor-element elementor-element-cf173ef\" data-id=\"cf173ef\" data-element_type=\"column\" data-settings=\"{&quot;background_background&quot;:&quot;classic&quot;}\">\n\t\t\t<div class=\"elementor-widget-wrap elementor-element-populated\">\n\t\t\t\t\t\t<div class=\"elementor-element elementor-element-d856d96 elementor-widget elementor-widget-icon-box\" data-id=\"d856d96\" data-element_type=\"widget\" data-widget_type=\"icon-box.default\">\n\t\t\t\t<div class=\"elementor-widget-container\">\n\t\t\t\t\t\t\t<div class=\"elementor-icon-box-wrapper\">\n\n\t\t\t\n\t\t\t\t\t\t<div class=\"elementor-icon-box-content\">\n\n\t\t\t\t\t\t\t\t\t<h5 class=\"elementor-icon-box-title\">\n\t\t\t\t\t\t<a href=\"https:\/\/involit.com\/de\/?page_id=99\" >\n\t\t\t\t\t\t\tEntwicklung von Spezialsoftware und Anwendungsdesign\t\t\t\t\t\t<\/a>\n\t\t\t\t\t<\/h5>\n\t\t\t\t\n\t\t\t\t\t\t\t\t\t<p class=\"elementor-icon-box-description\">\n\t\t\t\t\t\tWenn Standardsoftware nicht ausreicht, entwickeln wir ma\u00dfgeschneiderte Module f\u00fcr Ihr Unternehmen, um sowohl die Benutzerfreundlichkeit als auch die Kompatibilit\u00e4t mit der technischen Infrastruktur zu gew\u00e4hrleisten.\u2028Mit einer Entwicklung von Grund auf oder mit Anwendungen, die in bestehende Systeme integriert werden k\u00f6nnen, werden alle Prozesse an Ihr Unternehmen angepasst.\t\t\t\t\t<\/p>\n\t\t\t\t\n\t\t\t<\/div>\n\t\t\t\n\t\t<\/div>\n\t\t\t\t\t\t<\/div>\n\t\t\t\t<\/div>\n\t\t\t\t\t<\/div>\n\t\t<\/div>\n\t\t\t\t<div class=\"elementor-column elementor-col-33 elementor-top-column elementor-element elementor-element-23b4e33\" data-id=\"23b4e33\" data-element_type=\"column\" data-settings=\"{&quot;background_background&quot;:&quot;classic&quot;}\">\n\t\t\t<div class=\"elementor-widget-wrap elementor-element-populated\">\n\t\t\t\t\t\t<div class=\"elementor-element elementor-element-f0647f4 elementor-widget elementor-widget-icon-box\" data-id=\"f0647f4\" data-element_type=\"widget\" data-widget_type=\"icon-box.default\">\n\t\t\t\t<div class=\"elementor-widget-container\">\n\t\t\t\t\t\t\t<div class=\"elementor-icon-box-wrapper\">\n\n\t\t\t\n\t\t\t\t\t\t<div class=\"elementor-icon-box-content\">\n\n\t\t\t\t\t\t\t\t\t<h5 class=\"elementor-icon-box-title\">\n\t\t\t\t\t\t<a href=\"https:\/\/involit.com\/de\/?page_id=101\" >\n\t\t\t\t\t\t\tEntwicklungen mit Atlassian-Integration\t\t\t\t\t\t<\/a>\n\t\t\t\t\t<\/h5>\n\t\t\t\t\n\t\t\t\t\t\t\t\t\t<p class=\"elementor-icon-box-description\">\n\t\t\t\t\t\tWir entwickeln ma\u00dfgeschneiderte Bildschirme, Workflows und Plugins f\u00fcr Jira Work Management, Jira Software, Jira Service Management und Confluence.\nDurch die Integration Ihrer internen Prozesse in die Atlassian-Infrastruktur bieten wir Ihnen eine zentrale und reibungslose digitale Verwaltungsumgebung.\t\t\t\t\t<\/p>\n\t\t\t\t\n\t\t\t<\/div>\n\t\t\t\n\t\t<\/div>\n\t\t\t\t\t\t<\/div>\n\t\t\t\t<\/div>\n\t\t\t\t\t<\/div>\n\t\t<\/div>\n\t\t\t\t<div class=\"elementor-column elementor-col-33 elementor-top-column elementor-element elementor-element-ef8d098\" data-id=\"ef8d098\" data-element_type=\"column\" data-settings=\"{&quot;background_background&quot;:&quot;classic&quot;}\">\n\t\t\t<div class=\"elementor-widget-wrap elementor-element-populated\">\n\t\t\t\t\t\t<div class=\"elementor-element elementor-element-e37c572 elementor-widget elementor-widget-icon-box\" data-id=\"e37c572\" data-element_type=\"widget\" data-widget_type=\"icon-box.default\">\n\t\t\t\t<div class=\"elementor-widget-container\">\n\t\t\t\t\t\t\t<div class=\"elementor-icon-box-wrapper\">\n\n\t\t\t\n\t\t\t\t\t\t<div class=\"elementor-icon-box-content\">\n\n\t\t\t\t\t\t\t\t\t<h5 class=\"elementor-icon-box-title\">\n\t\t\t\t\t\t<a href=\"https:\/\/involit.com\/de\/?page_id=105\" >\n\t\t\t\t\t\t\tSDLC-Beratung, Test und Verbreitung\t\t\t\t\t\t<\/a>\n\t\t\t\t\t<\/h5>\n\t\t\t\t\n\t\t\t\t\t\t\t\t\t<p class=\"elementor-icon-box-description\">\n\t\t\t\t\t\tWir decken den gesamten Software-Lebenszyklus ab, einschlie\u00dflich Anforderungserfassung \u2192 Code-Entwicklung \u2192 Test \u2192 Ver\u00f6ffentlichung \u2192 Benutzerschulung und Dokumentation.\nWir bieten L\u00f6sungen, die mit agilen oder klassischen Projektmanagementstrukturen kompatibel sind, und unterst\u00fctzen Sie bei der nachhaltigen Nutzung.\t\t\t\t\t<\/p>\n\t\t\t\t\n\t\t\t<\/div>\n\t\t\t\n\t\t<\/div>\n\t\t\t\t\t\t<\/div>\n\t\t\t\t<\/div>\n\t\t\t\t\t<\/div>\n\t\t<\/div>\n\t\t\t\t\t<\/div>\n\t\t<\/section>\n\t\t\t\t<section class=\"elementor-section elementor-top-section elementor-element elementor-element-5bea335 elementor-section-boxed elementor-section-height-default elementor-section-height-default\" data-id=\"5bea335\" data-element_type=\"section\">\n\t\t\t\t\t\t<div class=\"elementor-container elementor-column-gap-no\">\n\t\t\t\t\t<div class=\"elementor-column elementor-col-100 elementor-top-column elementor-element elementor-element-06683b3\" data-id=\"06683b3\" data-element_type=\"column\">\n\t\t\t<div class=\"elementor-widget-wrap elementor-element-populated\">\n\t\t\t\t\t\t<div class=\"elementor-element elementor-element-6cedfca elementor-widget elementor-widget-global elementor-global-3575 elementor-widget-spacer\" data-id=\"6cedfca\" data-element_type=\"widget\" data-widget_type=\"spacer.default\">\n\t\t\t\t<div class=\"elementor-widget-container\">\n\t\t\t\t\t\t\t<div class=\"elementor-spacer\">\n\t\t\t<div class=\"elementor-spacer-inner\"><\/div>\n\t\t<\/div>\n\t\t\t\t\t\t<\/div>\n\t\t\t\t<\/div>\n\t\t\t\t\t<\/div>\n\t\t<\/div>\n\t\t\t\t\t<\/div>\n\t\t<\/section>\n\t\t\t\t<section class=\"elementor-section elementor-top-section elementor-element elementor-element-974e34f elementor-section-height-min-height elementor-section-items-stretch elementor-section-content-middle elementor-section-boxed elementor-section-height-default\" data-id=\"974e34f\" data-element_type=\"section\">\n\t\t\t\t\t\t<div class=\"elementor-container elementor-column-gap-no\">\n\t\t\t\t\t<div class=\"elementor-column elementor-col-100 elementor-top-column elementor-element elementor-element-57b052e\" data-id=\"57b052e\" data-element_type=\"column\">\n\t\t\t<div class=\"elementor-widget-wrap elementor-element-populated\">\n\t\t\t\t\t\t<div class=\"elementor-element elementor-element-99123c8 elementor-invisible elementor-widget elementor-widget-heading\" data-id=\"99123c8\" data-element_type=\"widget\" data-settings=\"{&quot;_animation&quot;:&quot;fadeIn&quot;,&quot;_animation_tablet&quot;:&quot;none&quot;,&quot;_animation_delay&quot;:300}\" data-widget_type=\"heading.default\">\n\t\t\t\t<div class=\"elementor-widget-container\">\n\t\t\t\t\t<h3 class=\"elementor-heading-title elementor-size-default\">Was sind unsere Softwareentwicklungsdienstleistungen?<\/h3>\t\t\t\t<\/div>\n\t\t\t\t<\/div>\n\t\t\t\t<div class=\"elementor-element elementor-element-7a52c8e elementor-widget elementor-widget-text-editor\" data-id=\"7a52c8e\" data-element_type=\"widget\" data-widget_type=\"text-editor.default\">\n\t\t\t\t<div class=\"elementor-widget-container\">\n\t\t\t\t\t\t\t\t\t<p class=\"p1\"><b>Wir entwickeln ma\u00dfgeschneiderte Software f\u00fcr Ihr Unternehmen:<br \/><\/b>Wenn Standardpakete nicht ausreichen, entwerfen und entwickeln wir Software, die vollst\u00e4ndig auf Ihre Gesch\u00e4ftsprozesse und Ihre Betriebsstruktur abgestimmt ist.<\/p><p class=\"p1\"><b>Wir bieten integrierte L\u00f6sungen f\u00fcr Ihre bestehenden Systeme:<br \/><\/b>Wir entwickeln neue Module und Softwarekomponenten, die mit Ihrer bestehenden Infrastruktur kompatibel sind, ohne dass komplexe Umstellungen erforderlich sind.<\/p><p class=\"p1\"><b>Wir sorgen f\u00fcr vollst\u00e4ndige Kompatibilit\u00e4t mit Atlassian-Produkten:<br \/><\/b>Durch die Entwicklung spezieller Bildschirme und Plugins f\u00fcr Jira, Confluence und andere Atlassian-Tools erleichtern wir Ihnen die Verwaltung Ihrer Prozesse aus einer Hand.<\/p><p class=\"p1\"><b>Wir planen den gesamten Software-Lebenszyklus:<br \/><\/b>Wir planen alle Softwareprozesse wie Analyse, Entwicklung, Test, Inbetriebnahme und Schulung von Anfang bis Ende und verwalten sie f\u00fcr Sie.<\/p><p class=\"p1\"><b>Wir arbeiten mit agilen und klassischen Strukturen:<br \/><\/b>Unabh\u00e4ngig davon, ob Ihre Projekte mit agilen oder traditionellen Methoden verwaltet werden, passen wir unseren Entwicklungsansatz an Ihre Unternehmenskultur an.<\/p><p class=\"p1\"><b>Wir stellen die Benutzererfahrung in den Mittelpunkt:<br \/><\/b>Mit funktionalen, zug\u00e4nglichen und benutzerfreundlichen Oberfl\u00e4chen sorgen wir daf\u00fcr, dass Ihre Teams die Software effizient nutzen k\u00f6nnen.<\/p><p class=\"p1\"><b>Wir bieten Unterst\u00fctzung bei Tests, Schulungen und Nachhaltigkeit:<br \/><\/b>Wir entwickeln nicht nur, sondern bieten auch Unterst\u00fctzung bei der Qualit\u00e4tskontrolle, Benutzerschulungen und der nachhaltigen Nutzung.<\/p>\t\t\t\t\t\t\t\t<\/div>\n\t\t\t\t<\/div>\n\t\t\t\t\t<\/div>\n\t\t<\/div>\n\t\t\t\t\t<\/div>\n\t\t<\/section>\n\t\t\t\t<\/div>","protected":false},"excerpt":{"rendered":"<p>Solutions for business growth<\/p>","protected":false},"author":1,"featured_media":4907,"parent":0,"menu_order":0,"comment_status":"closed","ping_status":"closed","template":"","meta":{"footnotes":""},"class_list":["post-988017","page","type-page","status-publish","has-post-thumbnail","hentry"],"yoast_head":"<!-- This site is optimized with the Yoast SEO plugin v25.2 - https:\/\/yoast.com\/wordpress\/plugins\/seo\/ -->\n<title>Development - Dijitalle\u015fme s\u00fcre\u00e7lerinizde i\u015f orta\u011f\u0131n\u0131z.<\/title>\n<meta name=\"robots\" content=\"index, follow, max-snippet:-1, max-image-preview:large, max-video-preview:-1\" \/>\n<link rel=\"canonical\" href=\"https:\/\/involit.com\/de\/development\/\" \/>\n<meta property=\"og:locale\" content=\"de_DE\" \/>\n<meta property=\"og:type\" content=\"article\" \/>\n<meta property=\"og:title\" content=\"Development - Dijitalle\u015fme s\u00fcre\u00e7lerinizde i\u015f orta\u011f\u0131n\u0131z.\" \/>\n<meta property=\"og:description\" content=\"Solutions for business growth\" \/>\n<meta property=\"og:url\" content=\"https:\/\/involit.com\/de\/development\/\" \/>\n<meta property=\"og:site_name\" content=\"Dijitalle\u015fme s\u00fcre\u00e7lerinizde i\u015f orta\u011f\u0131n\u0131z.\" \/>\n<meta property=\"article:modified_time\" content=\"2025-07-29T23:24:09+00:00\" \/>\n<meta property=\"og:image\" content=\"https:\/\/involit.com\/wp-content\/uploads\/2023\/05\/GettyImages-1406332084.jpg\" \/>\n\t<meta property=\"og:image:width\" content=\"1452\" \/>\n\t<meta property=\"og:image:height\" content=\"968\" \/>\n\t<meta property=\"og:image:type\" content=\"image\/jpeg\" \/>\n<meta name=\"twitter:card\" content=\"summary_large_image\" \/>\n<meta name=\"twitter:label1\" content=\"Gesch\u00e4tzte Lesezeit\" \/>\n\t<meta name=\"twitter:data1\" content=\"2\u00a0Minuten\" \/>\n<script type=\"application\/ld+json\" class=\"yoast-schema-graph\">{\"@context\":\"https:\/\/schema.org\",\"@graph\":[{\"@type\":\"WebPage\",\"@id\":\"https:\/\/involit.com\/development\/\",\"url\":\"https:\/\/involit.com\/development\/\",\"name\":\"Development - Dijitalle\u015fme s\u00fcre\u00e7lerinizde i\u015f orta\u011f\u0131n\u0131z.\",\"isPartOf\":{\"@id\":\"https:\/\/involit.com\/#website\"},\"primaryImageOfPage\":{\"@id\":\"https:\/\/involit.com\/development\/#primaryimage\"},\"image\":{\"@id\":\"https:\/\/involit.com\/development\/#primaryimage\"},\"thumbnailUrl\":\"https:\/\/involit.com\/wp-content\/uploads\/2023\/05\/GettyImages-1406332084.jpg\",\"datePublished\":\"2025-07-29T15:18:24+00:00\",\"dateModified\":\"2025-07-29T23:24:09+00:00\",\"breadcrumb\":{\"@id\":\"https:\/\/involit.com\/development\/#breadcrumb\"},\"inLanguage\":\"de\",\"potentialAction\":[{\"@type\":\"ReadAction\",\"target\":[\"https:\/\/involit.com\/development\/\"]}]},{\"@type\":\"ImageObject\",\"inLanguage\":\"de\",\"@id\":\"https:\/\/involit.com\/development\/#primaryimage\",\"url\":\"https:\/\/involit.com\/wp-content\/uploads\/2023\/05\/GettyImages-1406332084.jpg\",\"contentUrl\":\"https:\/\/involit.com\/wp-content\/uploads\/2023\/05\/GettyImages-1406332084.jpg\",\"width\":1452,\"height\":968},{\"@type\":\"BreadcrumbList\",\"@id\":\"https:\/\/involit.com\/development\/#breadcrumb\",\"itemListElement\":[{\"@type\":\"ListItem\",\"position\":1,\"name\":\"Home\",\"item\":\"https:\/\/involit.com\/\"},{\"@type\":\"ListItem\",\"position\":2,\"name\":\"Development\"}]},{\"@type\":\"WebSite\",\"@id\":\"https:\/\/involit.com\/#website\",\"url\":\"https:\/\/involit.com\/\",\"name\":\"Dijitalle\u015fme s\u00fcre\u00e7lerinizde i\u015f orta\u011f\u0131n\u0131z.\",\"description\":\"\",\"publisher\":{\"@id\":\"https:\/\/involit.com\/#organization\"},\"potentialAction\":[{\"@type\":\"SearchAction\",\"target\":{\"@type\":\"EntryPoint\",\"urlTemplate\":\"https:\/\/involit.com\/?s={search_term_string}\"},\"query-input\":{\"@type\":\"PropertyValueSpecification\",\"valueRequired\":true,\"valueName\":\"search_term_string\"}}],\"inLanguage\":\"de\"},{\"@type\":\"Organization\",\"@id\":\"https:\/\/involit.com\/#organization\",\"name\":\"Dijitalle\u015fme s\u00fcre\u00e7lerinizde i\u015f orta\u011f\u0131n\u0131z.\",\"url\":\"https:\/\/involit.com\/\",\"logo\":{\"@type\":\"ImageObject\",\"inLanguage\":\"de\",\"@id\":\"https:\/\/involit.com\/#\/schema\/logo\/image\/\",\"url\":\"https:\/\/involit.com\/wp-content\/uploads\/2025\/06\/Adsiz-tasarim-2025-06-04T063852.191-scaled.png\",\"contentUrl\":\"https:\/\/involit.com\/wp-content\/uploads\/2025\/06\/Adsiz-tasarim-2025-06-04T063852.191-scaled.png\",\"width\":2560,\"height\":1280,\"caption\":\"Dijitalle\u015fme s\u00fcre\u00e7lerinizde i\u015f orta\u011f\u0131n\u0131z.\"},\"image\":{\"@id\":\"https:\/\/involit.com\/#\/schema\/logo\/image\/\"}}]}<\/script>\n<!-- \/ Yoast SEO plugin. -->","yoast_head_json":{"title":"Development - Dijitalle\u015fme s\u00fcre\u00e7lerinizde i\u015f orta\u011f\u0131n\u0131z.","robots":{"index":"index","follow":"follow","max-snippet":"max-snippet:-1","max-image-preview":"max-image-preview:large","max-video-preview":"max-video-preview:-1"},"canonical":"https:\/\/involit.com\/de\/development\/","og_locale":"de_DE","og_type":"article","og_title":"Development - Dijitalle\u015fme s\u00fcre\u00e7lerinizde i\u015f orta\u011f\u0131n\u0131z.","og_description":"Solutions for business growth","og_url":"https:\/\/involit.com\/de\/development\/","og_site_name":"Dijitalle\u015fme s\u00fcre\u00e7lerinizde i\u015f orta\u011f\u0131n\u0131z.","article_modified_time":"2025-07-29T23:24:09+00:00","og_image":[{"width":1452,"height":968,"url":"https:\/\/involit.com\/wp-content\/uploads\/2023\/05\/GettyImages-1406332084.jpg","type":"image\/jpeg"}],"twitter_card":"summary_large_image","twitter_misc":{"Gesch\u00e4tzte Lesezeit":"2\u00a0Minuten"},"schema":{"@context":"https:\/\/schema.org","@graph":[{"@type":"WebPage","@id":"https:\/\/involit.com\/development\/","url":"https:\/\/involit.com\/development\/","name":"Development - Dijitalle\u015fme s\u00fcre\u00e7lerinizde i\u015f orta\u011f\u0131n\u0131z.","isPartOf":{"@id":"https:\/\/involit.com\/#website"},"primaryImageOfPage":{"@id":"https:\/\/involit.com\/development\/#primaryimage"},"image":{"@id":"https:\/\/involit.com\/development\/#primaryimage"},"thumbnailUrl":"https:\/\/involit.com\/wp-content\/uploads\/2023\/05\/GettyImages-1406332084.jpg","datePublished":"2025-07-29T15:18:24+00:00","dateModified":"2025-07-29T23:24:09+00:00","breadcrumb":{"@id":"https:\/\/involit.com\/development\/#breadcrumb"},"inLanguage":"de","potentialAction":[{"@type":"ReadAction","target":["https:\/\/involit.com\/development\/"]}]},{"@type":"ImageObject","inLanguage":"de","@id":"https:\/\/involit.com\/development\/#primaryimage","url":"https:\/\/involit.com\/wp-content\/uploads\/2023\/05\/GettyImages-1406332084.jpg","contentUrl":"https:\/\/involit.com\/wp-content\/uploads\/2023\/05\/GettyImages-1406332084.jpg","width":1452,"height":968},{"@type":"BreadcrumbList","@id":"https:\/\/involit.com\/development\/#breadcrumb","itemListElement":[{"@type":"ListItem","position":1,"name":"Home","item":"https:\/\/involit.com\/"},{"@type":"ListItem","position":2,"name":"Development"}]},{"@type":"WebSite","@id":"https:\/\/involit.com\/#website","url":"https:\/\/involit.com\/","name":"Ihr Partner f\u00fcr Ihre Digitalisierungs - prozesse.","description":"","publisher":{"@id":"https:\/\/involit.com\/#organization"},"potentialAction":[{"@type":"SearchAction","target":{"@type":"EntryPoint","urlTemplate":"https:\/\/involit.com\/?s={search_term_string}"},"query-input":{"@type":"PropertyValueSpecification","valueRequired":true,"valueName":"search_term_string"}}],"inLanguage":"de"},{"@type":"Organization","@id":"https:\/\/involit.com\/#organization","name":"Ihr Partner f\u00fcr Ihre Digitalisierungs - prozesse.","url":"https:\/\/involit.com\/","logo":{"@type":"ImageObject","inLanguage":"de","@id":"https:\/\/involit.com\/#\/schema\/logo\/image\/","url":"https:\/\/involit.com\/wp-content\/uploads\/2025\/06\/Adsiz-tasarim-2025-06-04T063852.191-scaled.png","contentUrl":"https:\/\/involit.com\/wp-content\/uploads\/2025\/06\/Adsiz-tasarim-2025-06-04T063852.191-scaled.png","width":2560,"height":1280,"caption":"Dijitalle\u015fme s\u00fcre\u00e7lerinizde i\u015f orta\u011f\u0131n\u0131z."},"image":{"@id":"https:\/\/involit.com\/#\/schema\/logo\/image\/"}}]}},"_links":{"self":[{"href":"https:\/\/involit.com\/de\/wp-json\/wp\/v2\/pages\/988017","targetHints":{"allow":["GET"]}}],"collection":[{"href":"https:\/\/involit.com\/de\/wp-json\/wp\/v2\/pages"}],"about":[{"href":"https:\/\/involit.com\/de\/wp-json\/wp\/v2\/types\/page"}],"author":[{"embeddable":true,"href":"https:\/\/involit.com\/de\/wp-json\/wp\/v2\/users\/1"}],"replies":[{"embeddable":true,"href":"https:\/\/involit.com\/de\/wp-json\/wp\/v2\/comments?post=988017"}],"version-history":[{"count":4,"href":"https:\/\/involit.com\/de\/wp-json\/wp\/v2\/pages\/988017\/revisions"}],"predecessor-version":[{"id":988098,"href":"https:\/\/involit.com\/de\/wp-json\/wp\/v2\/pages\/988017\/revisions\/988098"}],"wp:featuredmedia":[{"embeddable":true,"href":"https:\/\/involit.com\/de\/wp-json\/wp\/v2\/media\/4907"}],"wp:attachment":[{"href":"https:\/\/involit.com\/de\/wp-json\/wp\/v2\/media?parent=988017"}],"curies":[{"name":"wp","href":"https:\/\/api.w.org\/{rel}","templated":true}]}}