{"id":988009,"date":"2025-07-29T15:11:27","date_gmt":"2025-07-29T15:11:27","guid":{"rendered":"https:\/\/involit.dijitalbacklink.com\/?page_id=988009"},"modified":"2025-07-29T23:18:52","modified_gmt":"2025-07-29T23:18:52","slug":"cloud","status":"publish","type":"page","link":"https:\/\/involit.com\/de\/cloud\/","title":{"rendered":"Cloud"},"content":{"rendered":"<div data-elementor-type=\"wp-page\" data-elementor-id=\"988009\" class=\"elementor elementor-988009\" data-elementor-post-type=\"page\">\n\t\t\t\t\t\t<section class=\"elementor-section elementor-top-section elementor-element elementor-element-8dae9bf elementor-section-boxed elementor-section-height-default elementor-section-height-default\" data-id=\"8dae9bf\" data-element_type=\"section\">\n\t\t\t\t\t\t<div class=\"elementor-container elementor-column-gap-no\">\n\t\t\t\t\t<div class=\"elementor-column elementor-col-50 elementor-top-column elementor-element elementor-element-6c19b8a\" data-id=\"6c19b8a\" data-element_type=\"column\">\n\t\t\t<div class=\"elementor-widget-wrap elementor-element-populated\">\n\t\t\t\t\t\t<div class=\"elementor-element elementor-element-dcc17f3 elementor-invisible elementor-widget elementor-widget-heading\" data-id=\"dcc17f3\" data-element_type=\"widget\" data-settings=\"{&quot;_animation&quot;:&quot;fadeIn&quot;,&quot;_animation_tablet&quot;:&quot;none&quot;,&quot;_animation_delay&quot;:300}\" data-widget_type=\"heading.default\">\n\t\t\t\t<div class=\"elementor-widget-container\">\n\t\t\t\t\t<h1 class=\"elementor-heading-title elementor-size-default\">Sichere, Flexible und Skalierbare Cloud-Transformation\n<\/h1>\t\t\t\t<\/div>\n\t\t\t\t<\/div>\n\t\t\t\t<div class=\"elementor-element elementor-element-46b7e39 elementor-widget elementor-widget-text-editor\" data-id=\"46b7e39\" data-element_type=\"widget\" data-widget_type=\"text-editor.default\">\n\t\t\t\t<div class=\"elementor-widget-container\">\n\t\t\t\t\t\t\t\t\t<p class=\"p1\"><strong>Eine sicherere, flexiblere und von \u00fcberall zug\u00e4ngliche Infrastruktur<\/strong><\/p>\t\t\t\t\t\t\t\t<\/div>\n\t\t\t\t<\/div>\n\t\t\t\t<div class=\"elementor-element elementor-element-4605078 elementor-widget__width-initial elementor-widget-mobile__width-inherit elementor-widget-tablet__width-inherit elementor-widget elementor-widget-text-editor\" data-id=\"4605078\" data-element_type=\"widget\" data-widget_type=\"text-editor.default\">\n\t\t\t\t<div class=\"elementor-widget-container\">\n\t\t\t\t\t\t\t\t\t<p class=\"p1\">Als Involit unterst\u00fctzen wir Unternehmen dabei, sich von ihrer Abh\u00e4ngigkeit von einer festen Infrastruktur zu l\u00f6sen und ihre Gesch\u00e4ftsprozesse mit Cloud-Technologien effizienter zu verwalten. Mit Cloud-L\u00f6sungen auf den Plattformen Atlassian und monday.com bieten wir Unternehmen eine agilere und nachhaltigere Technologieinfrastruktur, indem wir Lizenz-, Migrations-, Sicherheits- und Automatisierungskonzepte von Anfang bis Ende entwerfen.<\/p>\t\t\t\t\t\t\t\t<\/div>\n\t\t\t\t<\/div>\n\t\t\t\t\t<\/div>\n\t\t<\/div>\n\t\t\t\t<div class=\"elementor-column elementor-col-50 elementor-top-column elementor-element elementor-element-c3273ba\" data-id=\"c3273ba\" data-element_type=\"column\">\n\t\t\t<div class=\"elementor-widget-wrap elementor-element-populated\">\n\t\t\t\t\t\t<div class=\"elementor-element elementor-element-94b032a elementor-widget-mobile__width-inherit elementor-widget elementor-widget-image\" data-id=\"94b032a\" data-element_type=\"widget\" data-widget_type=\"image.default\">\n\t\t\t\t<div class=\"elementor-widget-container\">\n\t\t\t\t\t\t\t\t\t\t\t\t\t\t\t<img fetchpriority=\"high\" decoding=\"async\" width=\"1452\" height=\"968\" src=\"https:\/\/involit.com\/wp-content\/uploads\/2025\/07\/agile-3.jpg\" class=\"attachment-2048x2048 size-2048x2048 wp-image-988085\" alt=\"\" srcset=\"https:\/\/involit.com\/wp-content\/uploads\/2025\/07\/agile-3.jpg 1452w, https:\/\/involit.com\/wp-content\/uploads\/2025\/07\/agile-3-300x200.jpg 300w, https:\/\/involit.com\/wp-content\/uploads\/2025\/07\/agile-3-1024x683.jpg 1024w, https:\/\/involit.com\/wp-content\/uploads\/2025\/07\/agile-3-768x512.jpg 768w\" sizes=\"(max-width: 1452px) 100vw, 1452px\" \/>\t\t\t\t\t\t\t\t\t\t\t\t\t\t\t<\/div>\n\t\t\t\t<\/div>\n\t\t\t\t\t<\/div>\n\t\t<\/div>\n\t\t\t\t\t<\/div>\n\t\t<\/section>\n\t\t\t\t<section class=\"elementor-section elementor-top-section elementor-element elementor-element-910a4a2 elementor-section-boxed elementor-section-height-default elementor-section-height-default\" data-id=\"910a4a2\" data-element_type=\"section\">\n\t\t\t\t\t\t<div class=\"elementor-container elementor-column-gap-no\">\n\t\t\t\t\t<div class=\"elementor-column elementor-col-100 elementor-top-column elementor-element elementor-element-3d648eb\" data-id=\"3d648eb\" data-element_type=\"column\">\n\t\t\t<div class=\"elementor-widget-wrap elementor-element-populated\">\n\t\t\t\t\t\t<div class=\"elementor-element elementor-element-6cf1c62 elementor-widget elementor-widget-heading\" data-id=\"6cf1c62\" data-element_type=\"widget\" data-widget_type=\"heading.default\">\n\t\t\t\t<div class=\"elementor-widget-container\">\n\t\t\t\t\t<h2 class=\"elementor-heading-title elementor-size-default\">Cloud-Migration und Design der Infrastrukturumstellung<\/h2>\t\t\t\t<\/div>\n\t\t\t\t<\/div>\n\t\t\t\t\t<\/div>\n\t\t<\/div>\n\t\t\t\t\t<\/div>\n\t\t<\/section>\n\t\t\t\t<section class=\"elementor-section elementor-top-section elementor-element elementor-element-b8d0f27 elementor-section-boxed elementor-section-height-default elementor-section-height-default\" data-id=\"b8d0f27\" data-element_type=\"section\" data-settings=\"{&quot;background_background&quot;:&quot;gradient&quot;}\">\n\t\t\t\t\t\t<div class=\"elementor-container elementor-column-gap-no\">\n\t\t\t\t\t<div class=\"elementor-column elementor-col-50 elementor-top-column elementor-element elementor-element-cf173ef\" data-id=\"cf173ef\" data-element_type=\"column\" data-settings=\"{&quot;background_background&quot;:&quot;classic&quot;}\">\n\t\t\t<div class=\"elementor-widget-wrap elementor-element-populated\">\n\t\t\t\t\t\t<div class=\"elementor-element elementor-element-d856d96 elementor-widget elementor-widget-icon-box\" data-id=\"d856d96\" data-element_type=\"widget\" data-widget_type=\"icon-box.default\">\n\t\t\t\t<div class=\"elementor-widget-container\">\n\t\t\t\t\t\t\t<div class=\"elementor-icon-box-wrapper\">\n\n\t\t\t\n\t\t\t\t\t\t<div class=\"elementor-icon-box-content\">\n\n\t\t\t\t\t\t\t\t\t<h5 class=\"elementor-icon-box-title\">\n\t\t\t\t\t\t<a href=\"https:\/\/involit.com\/de\/?page_id=99\" >\n\t\t\t\t\t\t\tSicherheit, Zugriff und Lizenzverwaltung\t\t\t\t\t\t<\/a>\n\t\t\t\t\t<\/h5>\n\t\t\t\t\n\t\t\t\t\t\t\t\t\t<p class=\"elementor-icon-box-description\">\n\t\t\t\t\t\tWir sch\u00fctzen Ihr System mit fortschrittlichen Sicherheitsma\u00dfnahmen wie Benutzerverwaltung in Cloud-Systemen, rollenbasiertem Zugriff, SSO, 2FA und IP-Filterung.\nDar\u00fcber hinaus vereinfachen wir Ihre Infrastruktur durch die Lizenzverwaltung der verwendeten Produkte, die Optimierung der Benutzeranzahl und die Umstellung der Marketplace-Plugins auf Cloud-Versionen.\t\t\t\t\t<\/p>\n\t\t\t\t\n\t\t\t<\/div>\n\t\t\t\n\t\t<\/div>\n\t\t\t\t\t\t<\/div>\n\t\t\t\t<\/div>\n\t\t\t\t\t<\/div>\n\t\t<\/div>\n\t\t\t\t<div class=\"elementor-column elementor-col-50 elementor-top-column elementor-element elementor-element-ef8d098\" data-id=\"ef8d098\" data-element_type=\"column\" data-settings=\"{&quot;background_background&quot;:&quot;classic&quot;}\">\n\t\t\t<div class=\"elementor-widget-wrap elementor-element-populated\">\n\t\t\t\t\t\t<div class=\"elementor-element elementor-element-e37c572 elementor-widget elementor-widget-icon-box\" data-id=\"e37c572\" data-element_type=\"widget\" data-widget_type=\"icon-box.default\">\n\t\t\t\t<div class=\"elementor-widget-container\">\n\t\t\t\t\t\t\t<div class=\"elementor-icon-box-wrapper\">\n\n\t\t\t\n\t\t\t\t\t\t<div class=\"elementor-icon-box-content\">\n\n\t\t\t\t\t\t\t\t\t<h5 class=\"elementor-icon-box-title\">\n\t\t\t\t\t\t<a href=\"https:\/\/involit.com\/de\/?page_id=105\" >\n\t\t\t\t\t\t\tIntegration, Automatisierung und Leistungsberatung\t\t\t\t\t\t<\/a>\n\t\t\t\t\t<\/h5>\n\t\t\t\t\n\t\t\t\t\t\t\t\t\t<p class=\"elementor-icon-box-description\">\n\t\t\t\t\t\tWir sorgen daf\u00fcr, dass Tools wie Jira, Confluence und Slack miteinander integriert sind, und planen Webhook- und API-gest\u00fctzte Automatisierungs\u00fcberg\u00e4nge mit verschiedenen Plattformen wie monday.com.\nMit Cloud-Leistungs\u00fcberwachung, Ressourcenmanagement und Kapazit\u00e4tsplanung sorgen wir f\u00fcr Geschwindigkeit und Nachhaltigkeit und unterst\u00fctzen Sie dabei, Ihre Plattformen stets auf dem neuesten Stand und sicher zu halten.\t\t\t\t\t<\/p>\n\t\t\t\t\n\t\t\t<\/div>\n\t\t\t\n\t\t<\/div>\n\t\t\t\t\t\t<\/div>\n\t\t\t\t<\/div>\n\t\t\t\t\t<\/div>\n\t\t<\/div>\n\t\t\t\t\t<\/div>\n\t\t<\/section>\n\t\t\t\t<section class=\"elementor-section elementor-top-section elementor-element elementor-element-5bea335 elementor-section-boxed elementor-section-height-default elementor-section-height-default\" data-id=\"5bea335\" data-element_type=\"section\">\n\t\t\t\t\t\t<div class=\"elementor-container elementor-column-gap-no\">\n\t\t\t\t\t<div class=\"elementor-column elementor-col-100 elementor-top-column elementor-element elementor-element-06683b3\" data-id=\"06683b3\" data-element_type=\"column\">\n\t\t\t<div class=\"elementor-widget-wrap elementor-element-populated\">\n\t\t\t\t\t\t<div class=\"elementor-element elementor-element-6cedfca elementor-widget elementor-widget-global elementor-global-3575 elementor-widget-spacer\" data-id=\"6cedfca\" data-element_type=\"widget\" data-widget_type=\"spacer.default\">\n\t\t\t\t<div class=\"elementor-widget-container\">\n\t\t\t\t\t\t\t<div class=\"elementor-spacer\">\n\t\t\t<div class=\"elementor-spacer-inner\"><\/div>\n\t\t<\/div>\n\t\t\t\t\t\t<\/div>\n\t\t\t\t<\/div>\n\t\t\t\t\t<\/div>\n\t\t<\/div>\n\t\t\t\t\t<\/div>\n\t\t<\/section>\n\t\t\t\t<section class=\"elementor-section elementor-top-section elementor-element elementor-element-974e34f elementor-section-height-min-height elementor-section-items-stretch elementor-section-content-middle elementor-section-boxed elementor-section-height-default\" data-id=\"974e34f\" data-element_type=\"section\">\n\t\t\t\t\t\t<div class=\"elementor-container elementor-column-gap-no\">\n\t\t\t\t\t<div class=\"elementor-column elementor-col-100 elementor-top-column elementor-element elementor-element-57b052e\" data-id=\"57b052e\" data-element_type=\"column\">\n\t\t\t<div class=\"elementor-widget-wrap elementor-element-populated\">\n\t\t\t\t\t\t<div class=\"elementor-element elementor-element-99123c8 elementor-invisible elementor-widget elementor-widget-heading\" data-id=\"99123c8\" data-element_type=\"widget\" data-settings=\"{&quot;_animation&quot;:&quot;fadeIn&quot;,&quot;_animation_tablet&quot;:&quot;none&quot;,&quot;_animation_delay&quot;:300}\" data-widget_type=\"heading.default\">\n\t\t\t\t<div class=\"elementor-widget-container\">\n\t\t\t\t\t<h3 class=\"elementor-heading-title elementor-size-default\">Was sind unsere Cloud-Dienste?<\/h3>\t\t\t\t<\/div>\n\t\t\t\t<\/div>\n\t\t\t\t<div class=\"elementor-element elementor-element-7a52c8e elementor-widget elementor-widget-text-editor\" data-id=\"7a52c8e\" data-element_type=\"widget\" data-widget_type=\"text-editor.default\">\n\t\t\t\t<div class=\"elementor-widget-container\">\n\t\t\t\t\t\t\t\t\t<p class=\"p1\"><b>Sichere und planm\u00e4\u00dfige \u00dcbergangsprozesse:<br \/><\/b>Wir analysieren Ihren \u00dcbergang von Server- oder Rechenzentrumssystemen zu Atlassian Cloud-Plattformen, \u00fcbertragen Ihre Daten sicher und sorgen mit Kontrollen vor und nach dem \u00dcbergang f\u00fcr eine nahtlose Umstellung.<\/p><p class=\"p1\"><b>Datenintegrit\u00e4t und Zugriffssicherheit:<br \/><\/b>Mit Sicherheitsma\u00dfnahmen wie SSO, 2FA und IP-Beschr\u00e4nkungen kontrollieren wir den Benutzerzugriff in der Cloud-Umgebung und gew\u00e4hrleisten ein H\u00f6chstma\u00df an Datensicherheit.<\/p><p class=\"p1\"><b>Lizenz- und Moduloptimierung:<br \/><\/b>Wir k\u00fcmmern uns professionell um die Konfiguration Ihrer Cloud-Produkte entsprechend Ihren Anforderungen, die Lizenzplanung und die Optimierung der Benutzeranzahl.<\/p><p class=\"p1\"><b>Plattform\u00fcbergreifende Integration:<br \/><\/b>Durch die Integration von Cloud-Plattformen wie Jira, Confluence, Slack und monday.com automatisieren wir den Informationsfluss und steigern die Effizienz zwischen den Teams.<\/p><p class=\"p1\"><b>Automatisierungsgest\u00fctztes Prozessmanagement:<br \/><\/b>Mit Webhooks, APIs und Automatisierungsstrategien reduzieren wir manuelle Prozesse auf ein Minimum und digitalisieren sich wiederholende Aufgaben.<\/p><p class=\"p1\"><b>Nachhaltige und skalierbare Struktur:<br \/><\/b>Wir \u00fcberwachen die Leistung Ihrer Cloud-Umgebung und sorgen mit Empfehlungen zur Kapazit\u00e4tsplanung und Ressourcenverwaltung daf\u00fcr, dass Ihr System f\u00fcr die Zukunft ger\u00fcstet ist und gleichzeitig die Sicherheit gew\u00e4hrleistet ist.<\/p><p class=\"p1\"><b>Kostenvorteil und st\u00e4ndiger Zugriff:<br \/><\/b>Wir befreien Sie von festen Infrastrukturkosten und bieten Ihnen von \u00fcberall aus einen sicheren und unterbrechungsfreien Zugriff auf Ihre Plattformen.<\/p>\t\t\t\t\t\t\t\t<\/div>\n\t\t\t\t<\/div>\n\t\t\t\t\t<\/div>\n\t\t<\/div>\n\t\t\t\t\t<\/div>\n\t\t<\/section>\n\t\t\t\t<\/div>","protected":false},"excerpt":{"rendered":"<p>Solutions for business growth<\/p>","protected":false},"author":1,"featured_media":4907,"parent":0,"menu_order":0,"comment_status":"closed","ping_status":"closed","template":"","meta":{"footnotes":""},"class_list":["post-988009","page","type-page","status-publish","has-post-thumbnail","hentry"],"yoast_head":"<!-- This site is optimized with the Yoast SEO plugin v25.2 - https:\/\/yoast.com\/wordpress\/plugins\/seo\/ -->\n<title>Cloud - Dijitalle\u015fme s\u00fcre\u00e7lerinizde i\u015f orta\u011f\u0131n\u0131z.<\/title>\n<meta name=\"robots\" content=\"index, follow, max-snippet:-1, max-image-preview:large, max-video-preview:-1\" \/>\n<link rel=\"canonical\" href=\"https:\/\/involit.com\/de\/cloud\/\" \/>\n<meta property=\"og:locale\" content=\"de_DE\" \/>\n<meta property=\"og:type\" content=\"article\" \/>\n<meta property=\"og:title\" content=\"Cloud - Dijitalle\u015fme s\u00fcre\u00e7lerinizde i\u015f orta\u011f\u0131n\u0131z.\" \/>\n<meta property=\"og:description\" content=\"Solutions for business growth\" \/>\n<meta property=\"og:url\" content=\"https:\/\/involit.com\/de\/cloud\/\" \/>\n<meta property=\"og:site_name\" content=\"Dijitalle\u015fme s\u00fcre\u00e7lerinizde i\u015f orta\u011f\u0131n\u0131z.\" \/>\n<meta property=\"article:modified_time\" content=\"2025-07-29T23:18:52+00:00\" \/>\n<meta property=\"og:image\" content=\"https:\/\/involit.com\/wp-content\/uploads\/2023\/05\/GettyImages-1406332084.jpg\" \/>\n\t<meta property=\"og:image:width\" content=\"1452\" \/>\n\t<meta property=\"og:image:height\" content=\"968\" \/>\n\t<meta property=\"og:image:type\" content=\"image\/jpeg\" \/>\n<meta name=\"twitter:card\" content=\"summary_large_image\" \/>\n<meta name=\"twitter:label1\" content=\"Gesch\u00e4tzte Lesezeit\" \/>\n\t<meta name=\"twitter:data1\" content=\"2\u00a0Minuten\" \/>\n<script type=\"application\/ld+json\" class=\"yoast-schema-graph\">{\"@context\":\"https:\/\/schema.org\",\"@graph\":[{\"@type\":\"WebPage\",\"@id\":\"https:\/\/involit.com\/cloud\/\",\"url\":\"https:\/\/involit.com\/cloud\/\",\"name\":\"Cloud - Dijitalle\u015fme s\u00fcre\u00e7lerinizde i\u015f orta\u011f\u0131n\u0131z.\",\"isPartOf\":{\"@id\":\"https:\/\/involit.com\/#website\"},\"primaryImageOfPage\":{\"@id\":\"https:\/\/involit.com\/cloud\/#primaryimage\"},\"image\":{\"@id\":\"https:\/\/involit.com\/cloud\/#primaryimage\"},\"thumbnailUrl\":\"https:\/\/involit.com\/wp-content\/uploads\/2023\/05\/GettyImages-1406332084.jpg\",\"datePublished\":\"2025-07-29T15:11:27+00:00\",\"dateModified\":\"2025-07-29T23:18:52+00:00\",\"breadcrumb\":{\"@id\":\"https:\/\/involit.com\/cloud\/#breadcrumb\"},\"inLanguage\":\"de\",\"potentialAction\":[{\"@type\":\"ReadAction\",\"target\":[\"https:\/\/involit.com\/cloud\/\"]}]},{\"@type\":\"ImageObject\",\"inLanguage\":\"de\",\"@id\":\"https:\/\/involit.com\/cloud\/#primaryimage\",\"url\":\"https:\/\/involit.com\/wp-content\/uploads\/2023\/05\/GettyImages-1406332084.jpg\",\"contentUrl\":\"https:\/\/involit.com\/wp-content\/uploads\/2023\/05\/GettyImages-1406332084.jpg\",\"width\":1452,\"height\":968},{\"@type\":\"BreadcrumbList\",\"@id\":\"https:\/\/involit.com\/cloud\/#breadcrumb\",\"itemListElement\":[{\"@type\":\"ListItem\",\"position\":1,\"name\":\"Home\",\"item\":\"https:\/\/involit.com\/\"},{\"@type\":\"ListItem\",\"position\":2,\"name\":\"Cloud\"}]},{\"@type\":\"WebSite\",\"@id\":\"https:\/\/involit.com\/#website\",\"url\":\"https:\/\/involit.com\/\",\"name\":\"Dijitalle\u015fme s\u00fcre\u00e7lerinizde i\u015f orta\u011f\u0131n\u0131z.\",\"description\":\"\",\"publisher\":{\"@id\":\"https:\/\/involit.com\/#organization\"},\"potentialAction\":[{\"@type\":\"SearchAction\",\"target\":{\"@type\":\"EntryPoint\",\"urlTemplate\":\"https:\/\/involit.com\/?s={search_term_string}\"},\"query-input\":{\"@type\":\"PropertyValueSpecification\",\"valueRequired\":true,\"valueName\":\"search_term_string\"}}],\"inLanguage\":\"de\"},{\"@type\":\"Organization\",\"@id\":\"https:\/\/involit.com\/#organization\",\"name\":\"Dijitalle\u015fme s\u00fcre\u00e7lerinizde i\u015f orta\u011f\u0131n\u0131z.\",\"url\":\"https:\/\/involit.com\/\",\"logo\":{\"@type\":\"ImageObject\",\"inLanguage\":\"de\",\"@id\":\"https:\/\/involit.com\/#\/schema\/logo\/image\/\",\"url\":\"https:\/\/involit.com\/wp-content\/uploads\/2025\/06\/Adsiz-tasarim-2025-06-04T063852.191-scaled.png\",\"contentUrl\":\"https:\/\/involit.com\/wp-content\/uploads\/2025\/06\/Adsiz-tasarim-2025-06-04T063852.191-scaled.png\",\"width\":2560,\"height\":1280,\"caption\":\"Dijitalle\u015fme s\u00fcre\u00e7lerinizde i\u015f orta\u011f\u0131n\u0131z.\"},\"image\":{\"@id\":\"https:\/\/involit.com\/#\/schema\/logo\/image\/\"}}]}<\/script>\n<!-- \/ Yoast SEO plugin. -->","yoast_head_json":{"title":"Cloud - Dijitalle\u015fme s\u00fcre\u00e7lerinizde i\u015f orta\u011f\u0131n\u0131z.","robots":{"index":"index","follow":"follow","max-snippet":"max-snippet:-1","max-image-preview":"max-image-preview:large","max-video-preview":"max-video-preview:-1"},"canonical":"https:\/\/involit.com\/de\/cloud\/","og_locale":"de_DE","og_type":"article","og_title":"Cloud - Dijitalle\u015fme s\u00fcre\u00e7lerinizde i\u015f orta\u011f\u0131n\u0131z.","og_description":"Solutions for business growth","og_url":"https:\/\/involit.com\/de\/cloud\/","og_site_name":"Dijitalle\u015fme s\u00fcre\u00e7lerinizde i\u015f orta\u011f\u0131n\u0131z.","article_modified_time":"2025-07-29T23:18:52+00:00","og_image":[{"width":1452,"height":968,"url":"https:\/\/involit.com\/wp-content\/uploads\/2023\/05\/GettyImages-1406332084.jpg","type":"image\/jpeg"}],"twitter_card":"summary_large_image","twitter_misc":{"Gesch\u00e4tzte Lesezeit":"2\u00a0Minuten"},"schema":{"@context":"https:\/\/schema.org","@graph":[{"@type":"WebPage","@id":"https:\/\/involit.com\/cloud\/","url":"https:\/\/involit.com\/cloud\/","name":"Cloud - Dijitalle\u015fme s\u00fcre\u00e7lerinizde i\u015f orta\u011f\u0131n\u0131z.","isPartOf":{"@id":"https:\/\/involit.com\/#website"},"primaryImageOfPage":{"@id":"https:\/\/involit.com\/cloud\/#primaryimage"},"image":{"@id":"https:\/\/involit.com\/cloud\/#primaryimage"},"thumbnailUrl":"https:\/\/involit.com\/wp-content\/uploads\/2023\/05\/GettyImages-1406332084.jpg","datePublished":"2025-07-29T15:11:27+00:00","dateModified":"2025-07-29T23:18:52+00:00","breadcrumb":{"@id":"https:\/\/involit.com\/cloud\/#breadcrumb"},"inLanguage":"de","potentialAction":[{"@type":"ReadAction","target":["https:\/\/involit.com\/cloud\/"]}]},{"@type":"ImageObject","inLanguage":"de","@id":"https:\/\/involit.com\/cloud\/#primaryimage","url":"https:\/\/involit.com\/wp-content\/uploads\/2023\/05\/GettyImages-1406332084.jpg","contentUrl":"https:\/\/involit.com\/wp-content\/uploads\/2023\/05\/GettyImages-1406332084.jpg","width":1452,"height":968},{"@type":"BreadcrumbList","@id":"https:\/\/involit.com\/cloud\/#breadcrumb","itemListElement":[{"@type":"ListItem","position":1,"name":"Home","item":"https:\/\/involit.com\/"},{"@type":"ListItem","position":2,"name":"Cloud"}]},{"@type":"WebSite","@id":"https:\/\/involit.com\/#website","url":"https:\/\/involit.com\/","name":"Ihr Partner f\u00fcr Ihre Digitalisierungs - prozesse.","description":"","publisher":{"@id":"https:\/\/involit.com\/#organization"},"potentialAction":[{"@type":"SearchAction","target":{"@type":"EntryPoint","urlTemplate":"https:\/\/involit.com\/?s={search_term_string}"},"query-input":{"@type":"PropertyValueSpecification","valueRequired":true,"valueName":"search_term_string"}}],"inLanguage":"de"},{"@type":"Organization","@id":"https:\/\/involit.com\/#organization","name":"Ihr Partner f\u00fcr Ihre Digitalisierungs - prozesse.","url":"https:\/\/involit.com\/","logo":{"@type":"ImageObject","inLanguage":"de","@id":"https:\/\/involit.com\/#\/schema\/logo\/image\/","url":"https:\/\/involit.com\/wp-content\/uploads\/2025\/06\/Adsiz-tasarim-2025-06-04T063852.191-scaled.png","contentUrl":"https:\/\/involit.com\/wp-content\/uploads\/2025\/06\/Adsiz-tasarim-2025-06-04T063852.191-scaled.png","width":2560,"height":1280,"caption":"Dijitalle\u015fme s\u00fcre\u00e7lerinizde i\u015f orta\u011f\u0131n\u0131z."},"image":{"@id":"https:\/\/involit.com\/#\/schema\/logo\/image\/"}}]}},"_links":{"self":[{"href":"https:\/\/involit.com\/de\/wp-json\/wp\/v2\/pages\/988009","targetHints":{"allow":["GET"]}}],"collection":[{"href":"https:\/\/involit.com\/de\/wp-json\/wp\/v2\/pages"}],"about":[{"href":"https:\/\/involit.com\/de\/wp-json\/wp\/v2\/types\/page"}],"author":[{"embeddable":true,"href":"https:\/\/involit.com\/de\/wp-json\/wp\/v2\/users\/1"}],"replies":[{"embeddable":true,"href":"https:\/\/involit.com\/de\/wp-json\/wp\/v2\/comments?post=988009"}],"version-history":[{"count":13,"href":"https:\/\/involit.com\/de\/wp-json\/wp\/v2\/pages\/988009\/revisions"}],"predecessor-version":[{"id":988094,"href":"https:\/\/involit.com\/de\/wp-json\/wp\/v2\/pages\/988009\/revisions\/988094"}],"wp:featuredmedia":[{"embeddable":true,"href":"https:\/\/involit.com\/de\/wp-json\/wp\/v2\/media\/4907"}],"wp:attachment":[{"href":"https:\/\/involit.com\/de\/wp-json\/wp\/v2\/media?parent=988009"}],"curies":[{"name":"wp","href":"https:\/\/api.w.org\/{rel}","templated":true}]}}