{"id":988005,"date":"2025-07-29T15:07:58","date_gmt":"2025-07-29T15:07:58","guid":{"rendered":"https:\/\/involit.dijitalbacklink.com\/?page_id=988005"},"modified":"2025-07-29T23:46:08","modified_gmt":"2025-07-29T23:46:08","slug":"itsm","status":"publish","type":"page","link":"https:\/\/involit.com\/de\/itsm\/","title":{"rendered":"ITSM"},"content":{"rendered":"<div data-elementor-type=\"wp-page\" data-elementor-id=\"988005\" class=\"elementor elementor-988005\" data-elementor-post-type=\"page\">\n\t\t\t\t\t\t<section class=\"elementor-section elementor-top-section elementor-element elementor-element-8dae9bf elementor-section-boxed elementor-section-height-default elementor-section-height-default\" data-id=\"8dae9bf\" data-element_type=\"section\">\n\t\t\t\t\t\t<div class=\"elementor-container elementor-column-gap-no\">\n\t\t\t\t\t<div class=\"elementor-column elementor-col-50 elementor-top-column elementor-element elementor-element-6c19b8a\" data-id=\"6c19b8a\" data-element_type=\"column\">\n\t\t\t<div class=\"elementor-widget-wrap elementor-element-populated\">\n\t\t\t\t\t\t<div class=\"elementor-element elementor-element-dcc17f3 elementor-invisible elementor-widget elementor-widget-heading\" data-id=\"dcc17f3\" data-element_type=\"widget\" data-settings=\"{&quot;_animation&quot;:&quot;fadeIn&quot;,&quot;_animation_tablet&quot;:&quot;none&quot;,&quot;_animation_delay&quot;:300}\" data-widget_type=\"heading.default\">\n\t\t\t\t<div class=\"elementor-widget-container\">\n\t\t\t\t\t<h1 class=\"elementor-heading-title elementor-size-default\">IT-Service-Management<\/h1>\t\t\t\t<\/div>\n\t\t\t\t<\/div>\n\t\t\t\t<div class=\"elementor-element elementor-element-920335a elementor-widget elementor-widget-text-editor\" data-id=\"920335a\" data-element_type=\"widget\" data-widget_type=\"text-editor.default\">\n\t\t\t\t<div class=\"elementor-widget-container\">\n\t\t\t\t\t\t\t\t\t<p class=\"p1\"><b>Zentralisieren Sie Ihre Prozesse mit IT-Service-Management<\/b><\/p>\t\t\t\t\t\t\t\t<\/div>\n\t\t\t\t<\/div>\n\t\t\t\t<div class=\"elementor-element elementor-element-4605078 elementor-widget__width-inherit elementor-widget-mobile__width-inherit elementor-widget-tablet__width-inherit elementor-widget elementor-widget-text-editor\" data-id=\"4605078\" data-element_type=\"widget\" data-widget_type=\"text-editor.default\">\n\t\t\t\t<div class=\"elementor-widget-container\">\n\t\t\t\t\t\t\t\t\t<p class=\"p1\">Als Involit beschr\u00e4nken wir uns nicht nur auf die Einrichtung der technischen Infrastruktur, sondern machen Ihre Serviceprozesse transparent, nachvollziehbar und effizienzorientiert. Mit unseren ITSM-L\u00f6sungen digitalisieren wir interne Anfragen von Anfang bis Ende und verbessern so die Zusammenarbeit zwischen den Teams, die Kundenzufriedenheit und die betriebliche Effizienz.<\/p>\t\t\t\t\t\t\t\t<\/div>\n\t\t\t\t<\/div>\n\t\t\t\t\t<\/div>\n\t\t<\/div>\n\t\t\t\t<div class=\"elementor-column elementor-col-50 elementor-top-column elementor-element elementor-element-c3273ba\" data-id=\"c3273ba\" data-element_type=\"column\">\n\t\t\t<div class=\"elementor-widget-wrap elementor-element-populated\">\n\t\t\t\t\t\t<div class=\"elementor-element elementor-element-94b032a elementor-widget-mobile__width-inherit elementor-widget elementor-widget-image\" data-id=\"94b032a\" data-element_type=\"widget\" data-widget_type=\"image.default\">\n\t\t\t\t<div class=\"elementor-widget-container\">\n\t\t\t\t\t\t\t\t\t\t\t\t\t\t\t<img fetchpriority=\"high\" decoding=\"async\" width=\"1452\" height=\"968\" src=\"https:\/\/involit.com\/wp-content\/uploads\/2025\/07\/agile-6.jpg\" class=\"attachment-1536x1536 size-1536x1536 wp-image-988103\" alt=\"\" srcset=\"https:\/\/involit.com\/wp-content\/uploads\/2025\/07\/agile-6.jpg 1452w, https:\/\/involit.com\/wp-content\/uploads\/2025\/07\/agile-6-300x200.jpg 300w, https:\/\/involit.com\/wp-content\/uploads\/2025\/07\/agile-6-1024x683.jpg 1024w, https:\/\/involit.com\/wp-content\/uploads\/2025\/07\/agile-6-768x512.jpg 768w\" sizes=\"(max-width: 1452px) 100vw, 1452px\" \/>\t\t\t\t\t\t\t\t\t\t\t\t\t\t\t<\/div>\n\t\t\t\t<\/div>\n\t\t\t\t\t<\/div>\n\t\t<\/div>\n\t\t\t\t\t<\/div>\n\t\t<\/section>\n\t\t\t\t<section class=\"elementor-section elementor-top-section elementor-element elementor-element-b8d0f27 elementor-section-boxed elementor-section-height-default elementor-section-height-default\" data-id=\"b8d0f27\" data-element_type=\"section\" data-settings=\"{&quot;background_background&quot;:&quot;gradient&quot;}\">\n\t\t\t\t\t\t<div class=\"elementor-container elementor-column-gap-no\">\n\t\t\t\t\t<div class=\"elementor-column elementor-col-33 elementor-top-column elementor-element elementor-element-cf173ef\" data-id=\"cf173ef\" data-element_type=\"column\" data-settings=\"{&quot;background_background&quot;:&quot;classic&quot;}\">\n\t\t\t<div class=\"elementor-widget-wrap elementor-element-populated\">\n\t\t\t\t\t\t<div class=\"elementor-element elementor-element-d856d96 elementor-widget elementor-widget-icon-box\" data-id=\"d856d96\" data-element_type=\"widget\" data-widget_type=\"icon-box.default\">\n\t\t\t\t<div class=\"elementor-widget-container\">\n\t\t\t\t\t\t\t<div class=\"elementor-icon-box-wrapper\">\n\n\t\t\t\n\t\t\t\t\t\t<div class=\"elementor-icon-box-content\">\n\n\t\t\t\t\t\t\t\t\t<h5 class=\"elementor-icon-box-title\">\n\t\t\t\t\t\t<a href=\"https:\/\/involit.com\/de\/?page_id=99\" >\n\t\t\t\t\t\t\tService Desk &amp; Anforderungsmanagement\t\t\t\t\t\t<\/a>\n\t\t\t\t\t<\/h5>\n\t\t\t\t\n\t\t\t\t\t\t\t\t\t<p class=\"elementor-icon-box-description\">\n\t\t\t\t\t\tWir richten ein System ein, das interne Anforderungen an einem zentralen Ort sammelt und Priorisierungs- und L\u00f6sungsprozesse verwaltet. Dank SLAs, Automatisierungen und Dashboards bieten wir Managern messbare Effizienz und Mitarbeitern schnellen Support.\t\t\t\t\t<\/p>\n\t\t\t\t\n\t\t\t<\/div>\n\t\t\t\n\t\t<\/div>\n\t\t\t\t\t\t<\/div>\n\t\t\t\t<\/div>\n\t\t\t\t\t<\/div>\n\t\t<\/div>\n\t\t\t\t<div class=\"elementor-column elementor-col-33 elementor-top-column elementor-element elementor-element-23b4e33\" data-id=\"23b4e33\" data-element_type=\"column\" data-settings=\"{&quot;background_background&quot;:&quot;classic&quot;}\">\n\t\t\t<div class=\"elementor-widget-wrap elementor-element-populated\">\n\t\t\t\t\t\t<div class=\"elementor-element elementor-element-f0647f4 elementor-widget elementor-widget-icon-box\" data-id=\"f0647f4\" data-element_type=\"widget\" data-widget_type=\"icon-box.default\">\n\t\t\t\t<div class=\"elementor-widget-container\">\n\t\t\t\t\t\t\t<div class=\"elementor-icon-box-wrapper\">\n\n\t\t\t\n\t\t\t\t\t\t<div class=\"elementor-icon-box-content\">\n\n\t\t\t\t\t\t\t\t\t<h5 class=\"elementor-icon-box-title\">\n\t\t\t\t\t\t<a href=\"https:\/\/involit.com\/de\/?page_id=101\" >\n\t\t\t\t\t\t\tIncident-, Problem- und \u00c4nderungsmanagement\t\t\t\t\t\t<\/a>\n\t\t\t\t\t<\/h5>\n\t\t\t\t\n\t\t\t\t\t\t\t\t\t<p class=\"elementor-icon-box-description\">\n\t\t\t\t\t\tUm Wiederholungen zu vermeiden und Prozesse zu verbessern, arbeiten wir mit Ursachenanalysen, \u00c4nderungskonzepten und automatischen Nachverfolgungssystemen. Ihre Prozesse sind nicht nur l\u00f6sungsorientiert, sondern auch nachhaltig.\t\t\t\t\t<\/p>\n\t\t\t\t\n\t\t\t<\/div>\n\t\t\t\n\t\t<\/div>\n\t\t\t\t\t\t<\/div>\n\t\t\t\t<\/div>\n\t\t\t\t\t<\/div>\n\t\t<\/div>\n\t\t\t\t<div class=\"elementor-column elementor-col-33 elementor-top-column elementor-element elementor-element-ef8d098\" data-id=\"ef8d098\" data-element_type=\"column\" data-settings=\"{&quot;background_background&quot;:&quot;classic&quot;}\">\n\t\t\t<div class=\"elementor-widget-wrap elementor-element-populated\">\n\t\t\t\t\t\t<div class=\"elementor-element elementor-element-e37c572 elementor-widget elementor-widget-icon-box\" data-id=\"e37c572\" data-element_type=\"widget\" data-widget_type=\"icon-box.default\">\n\t\t\t\t<div class=\"elementor-widget-container\">\n\t\t\t\t\t\t\t<div class=\"elementor-icon-box-wrapper\">\n\n\t\t\t\n\t\t\t\t\t\t<div class=\"elementor-icon-box-content\">\n\n\t\t\t\t\t\t\t\t\t<h5 class=\"elementor-icon-box-title\">\n\t\t\t\t\t\t<a href=\"https:\/\/involit.com\/de\/?page_id=105\" >\n\t\t\t\t\t\t\tAsset-Tracking und CMDB-Integration\t\t\t\t\t\t<\/a>\n\t\t\t\t\t<\/h5>\n\t\t\t\t\n\t\t\t\t\t\t\t\t\t<p class=\"elementor-icon-box-description\">\n\t\t\t\t\t\tWir richten eine Infrastruktur ein, mit der Sie alle Ihre Assets wie Computer, Softwarelizenzen, Server und Ger\u00e4te w\u00e4hrend ihres gesamten Lebenszyklus verfolgen k\u00f6nnen. Mit CMDB sorgen wir f\u00fcr vollst\u00e4ndige Transparenz, indem wir Ihre Assets mit Ihren Diensten abgleichen.\t\t\t\t\t<\/p>\n\t\t\t\t\n\t\t\t<\/div>\n\t\t\t\n\t\t<\/div>\n\t\t\t\t\t\t<\/div>\n\t\t\t\t<\/div>\n\t\t\t\t\t<\/div>\n\t\t<\/div>\n\t\t\t\t\t<\/div>\n\t\t<\/section>\n\t\t\t\t<section class=\"elementor-section elementor-top-section elementor-element elementor-element-5bea335 elementor-section-boxed elementor-section-height-default elementor-section-height-default\" data-id=\"5bea335\" data-element_type=\"section\">\n\t\t\t\t\t\t<div class=\"elementor-container elementor-column-gap-no\">\n\t\t\t\t\t<div class=\"elementor-column elementor-col-100 elementor-top-column elementor-element elementor-element-06683b3\" data-id=\"06683b3\" data-element_type=\"column\">\n\t\t\t<div class=\"elementor-widget-wrap elementor-element-populated\">\n\t\t\t\t\t\t<div class=\"elementor-element elementor-element-6cedfca elementor-widget elementor-widget-global elementor-global-3575 elementor-widget-spacer\" data-id=\"6cedfca\" data-element_type=\"widget\" data-widget_type=\"spacer.default\">\n\t\t\t\t<div class=\"elementor-widget-container\">\n\t\t\t\t\t\t\t<div class=\"elementor-spacer\">\n\t\t\t<div class=\"elementor-spacer-inner\"><\/div>\n\t\t<\/div>\n\t\t\t\t\t\t<\/div>\n\t\t\t\t<\/div>\n\t\t\t\t\t<\/div>\n\t\t<\/div>\n\t\t\t\t\t<\/div>\n\t\t<\/section>\n\t\t\t\t<section class=\"elementor-section elementor-top-section elementor-element elementor-element-974e34f elementor-section-height-min-height elementor-section-items-stretch elementor-section-content-middle elementor-section-boxed elementor-section-height-default\" data-id=\"974e34f\" data-element_type=\"section\">\n\t\t\t\t\t\t<div class=\"elementor-container elementor-column-gap-no\">\n\t\t\t\t\t<div class=\"elementor-column elementor-col-100 elementor-top-column elementor-element elementor-element-57b052e\" data-id=\"57b052e\" data-element_type=\"column\">\n\t\t\t<div class=\"elementor-widget-wrap elementor-element-populated\">\n\t\t\t\t\t\t<div class=\"elementor-element elementor-element-99123c8 elementor-invisible elementor-widget elementor-widget-heading\" data-id=\"99123c8\" data-element_type=\"widget\" data-settings=\"{&quot;_animation&quot;:&quot;fadeIn&quot;,&quot;_animation_tablet&quot;:&quot;none&quot;,&quot;_animation_delay&quot;:300}\" data-widget_type=\"heading.default\">\n\t\t\t\t<div class=\"elementor-widget-container\">\n\t\t\t\t\t<h3 class=\"elementor-heading-title elementor-size-default\">Warum ITSM-Dienstleistungen?<\/h3>\t\t\t\t<\/div>\n\t\t\t\t<\/div>\n\t\t\t\t<div class=\"elementor-element elementor-element-7a52c8e elementor-widget elementor-widget-text-editor\" data-id=\"7a52c8e\" data-element_type=\"widget\" data-widget_type=\"text-editor.default\">\n\t\t\t\t<div class=\"elementor-widget-container\">\n\t\t\t\t\t\t\t\t\t<ul class=\"ul1\"><li class=\"li1\"><b>Steigerung der betrieblichen Effizienz:<\/b> Durch die Standardisierung und Automatisierung von Prozessen arbeiten Teams schneller und effektiver.<\/li><li class=\"li1\"><b>Benutzer- und Mitarbeiterzufriedenheit:<\/b> Die regelm\u00e4\u00dfige Erfassung und Klassifizierung von Anfragen sowie die Transparenz der L\u00f6sungsprozesse steigern die Zufriedenheit.<\/li><li class=\"li1\"><b>Messbare Leistung:<\/b> Dank SLA, KPI und Berichtsinfrastruktur werden messbare, vergleichbare Daten f\u00fcr F\u00fchrungskr\u00e4fte bereitgestellt.<\/li><li class=\"li1\"><b>Kontinuit\u00e4t der Servicequalit\u00e4t:<\/b> Durch Incident- und Problemmanagementprozesse werden wiederkehrende Probleme vermieden und die Servicequalit\u00e4t gew\u00e4hrleistet.<\/li><li class=\"li1\"><b>Anpassungsf\u00e4hige Systeminfrastruktur:<\/b> Die ITSM-Infrastruktur l\u00e4sst sich leicht an Ver\u00e4nderungen innerhalb des Unternehmens anpassen.<\/li><li class=\"li1\"><b>Unternehmensweites Servicemanagement:<\/b> Durch die zentrale Verwaltung, die sich nicht nur auf die IT, sondern auf alle Abteilungen erstreckt, wird die Unternehmensproduktivit\u00e4t gesteigert.<\/li><li class=\"li2\"><b>Erh\u00f6hung des digitalen Reifegrades:<\/b> Die Nachverfolgbarkeit von IT-Ressourcen, CMDB- und Servicekatalog-Integrationen unterst\u00fctzen strategischere Entscheidungsprozesse.<\/li><\/ul>\t\t\t\t\t\t\t\t<\/div>\n\t\t\t\t<\/div>\n\t\t\t\t\t<\/div>\n\t\t<\/div>\n\t\t\t\t\t<\/div>\n\t\t<\/section>\n\t\t\t\t<\/div>","protected":false},"excerpt":{"rendered":"<p>Solutions for business growth<\/p>","protected":false},"author":1,"featured_media":4907,"parent":0,"menu_order":0,"comment_status":"closed","ping_status":"closed","template":"","meta":{"footnotes":""},"class_list":["post-988005","page","type-page","status-publish","has-post-thumbnail","hentry"],"yoast_head":"<!-- This site is optimized with the Yoast SEO plugin v25.2 - https:\/\/yoast.com\/wordpress\/plugins\/seo\/ -->\n<title>ITSM - Dijitalle\u015fme s\u00fcre\u00e7lerinizde i\u015f orta\u011f\u0131n\u0131z.<\/title>\n<meta name=\"robots\" content=\"index, follow, max-snippet:-1, max-image-preview:large, max-video-preview:-1\" \/>\n<link rel=\"canonical\" href=\"https:\/\/involit.com\/de\/itsm\/\" \/>\n<meta property=\"og:locale\" content=\"de_DE\" \/>\n<meta property=\"og:type\" content=\"article\" \/>\n<meta property=\"og:title\" content=\"ITSM - Dijitalle\u015fme s\u00fcre\u00e7lerinizde i\u015f orta\u011f\u0131n\u0131z.\" \/>\n<meta property=\"og:description\" content=\"Solutions for business growth\" \/>\n<meta property=\"og:url\" content=\"https:\/\/involit.com\/de\/itsm\/\" \/>\n<meta property=\"og:site_name\" content=\"Dijitalle\u015fme s\u00fcre\u00e7lerinizde i\u015f orta\u011f\u0131n\u0131z.\" \/>\n<meta property=\"article:modified_time\" content=\"2025-07-29T23:46:08+00:00\" \/>\n<meta property=\"og:image\" content=\"https:\/\/involit.com\/wp-content\/uploads\/2023\/05\/GettyImages-1406332084.jpg\" \/>\n\t<meta property=\"og:image:width\" content=\"1452\" \/>\n\t<meta property=\"og:image:height\" content=\"968\" \/>\n\t<meta property=\"og:image:type\" content=\"image\/jpeg\" \/>\n<meta name=\"twitter:card\" content=\"summary_large_image\" \/>\n<meta name=\"twitter:label1\" content=\"Gesch\u00e4tzte Lesezeit\" \/>\n\t<meta name=\"twitter:data1\" content=\"2\u00a0Minuten\" \/>\n<script type=\"application\/ld+json\" class=\"yoast-schema-graph\">{\"@context\":\"https:\/\/schema.org\",\"@graph\":[{\"@type\":\"WebPage\",\"@id\":\"https:\/\/involit.com\/itsm\/\",\"url\":\"https:\/\/involit.com\/itsm\/\",\"name\":\"ITSM - Dijitalle\u015fme s\u00fcre\u00e7lerinizde i\u015f orta\u011f\u0131n\u0131z.\",\"isPartOf\":{\"@id\":\"https:\/\/involit.com\/#website\"},\"primaryImageOfPage\":{\"@id\":\"https:\/\/involit.com\/itsm\/#primaryimage\"},\"image\":{\"@id\":\"https:\/\/involit.com\/itsm\/#primaryimage\"},\"thumbnailUrl\":\"https:\/\/involit.com\/wp-content\/uploads\/2023\/05\/GettyImages-1406332084.jpg\",\"datePublished\":\"2025-07-29T15:07:58+00:00\",\"dateModified\":\"2025-07-29T23:46:08+00:00\",\"breadcrumb\":{\"@id\":\"https:\/\/involit.com\/itsm\/#breadcrumb\"},\"inLanguage\":\"de\",\"potentialAction\":[{\"@type\":\"ReadAction\",\"target\":[\"https:\/\/involit.com\/itsm\/\"]}]},{\"@type\":\"ImageObject\",\"inLanguage\":\"de\",\"@id\":\"https:\/\/involit.com\/itsm\/#primaryimage\",\"url\":\"https:\/\/involit.com\/wp-content\/uploads\/2023\/05\/GettyImages-1406332084.jpg\",\"contentUrl\":\"https:\/\/involit.com\/wp-content\/uploads\/2023\/05\/GettyImages-1406332084.jpg\",\"width\":1452,\"height\":968},{\"@type\":\"BreadcrumbList\",\"@id\":\"https:\/\/involit.com\/itsm\/#breadcrumb\",\"itemListElement\":[{\"@type\":\"ListItem\",\"position\":1,\"name\":\"Home\",\"item\":\"https:\/\/involit.com\/\"},{\"@type\":\"ListItem\",\"position\":2,\"name\":\"ITSM\"}]},{\"@type\":\"WebSite\",\"@id\":\"https:\/\/involit.com\/#website\",\"url\":\"https:\/\/involit.com\/\",\"name\":\"Dijitalle\u015fme s\u00fcre\u00e7lerinizde i\u015f orta\u011f\u0131n\u0131z.\",\"description\":\"\",\"publisher\":{\"@id\":\"https:\/\/involit.com\/#organization\"},\"potentialAction\":[{\"@type\":\"SearchAction\",\"target\":{\"@type\":\"EntryPoint\",\"urlTemplate\":\"https:\/\/involit.com\/?s={search_term_string}\"},\"query-input\":{\"@type\":\"PropertyValueSpecification\",\"valueRequired\":true,\"valueName\":\"search_term_string\"}}],\"inLanguage\":\"de\"},{\"@type\":\"Organization\",\"@id\":\"https:\/\/involit.com\/#organization\",\"name\":\"Dijitalle\u015fme s\u00fcre\u00e7lerinizde i\u015f orta\u011f\u0131n\u0131z.\",\"url\":\"https:\/\/involit.com\/\",\"logo\":{\"@type\":\"ImageObject\",\"inLanguage\":\"de\",\"@id\":\"https:\/\/involit.com\/#\/schema\/logo\/image\/\",\"url\":\"https:\/\/involit.com\/wp-content\/uploads\/2025\/06\/Adsiz-tasarim-2025-06-04T063852.191-scaled.png\",\"contentUrl\":\"https:\/\/involit.com\/wp-content\/uploads\/2025\/06\/Adsiz-tasarim-2025-06-04T063852.191-scaled.png\",\"width\":2560,\"height\":1280,\"caption\":\"Dijitalle\u015fme s\u00fcre\u00e7lerinizde i\u015f orta\u011f\u0131n\u0131z.\"},\"image\":{\"@id\":\"https:\/\/involit.com\/#\/schema\/logo\/image\/\"}}]}<\/script>\n<!-- \/ Yoast SEO plugin. -->","yoast_head_json":{"title":"ITSM - Dijitalle\u015fme s\u00fcre\u00e7lerinizde i\u015f orta\u011f\u0131n\u0131z.","robots":{"index":"index","follow":"follow","max-snippet":"max-snippet:-1","max-image-preview":"max-image-preview:large","max-video-preview":"max-video-preview:-1"},"canonical":"https:\/\/involit.com\/de\/itsm\/","og_locale":"de_DE","og_type":"article","og_title":"ITSM - Dijitalle\u015fme s\u00fcre\u00e7lerinizde i\u015f orta\u011f\u0131n\u0131z.","og_description":"Solutions for business growth","og_url":"https:\/\/involit.com\/de\/itsm\/","og_site_name":"Dijitalle\u015fme s\u00fcre\u00e7lerinizde i\u015f orta\u011f\u0131n\u0131z.","article_modified_time":"2025-07-29T23:46:08+00:00","og_image":[{"width":1452,"height":968,"url":"https:\/\/involit.com\/wp-content\/uploads\/2023\/05\/GettyImages-1406332084.jpg","type":"image\/jpeg"}],"twitter_card":"summary_large_image","twitter_misc":{"Gesch\u00e4tzte Lesezeit":"2\u00a0Minuten"},"schema":{"@context":"https:\/\/schema.org","@graph":[{"@type":"WebPage","@id":"https:\/\/involit.com\/itsm\/","url":"https:\/\/involit.com\/itsm\/","name":"ITSM - Dijitalle\u015fme s\u00fcre\u00e7lerinizde i\u015f orta\u011f\u0131n\u0131z.","isPartOf":{"@id":"https:\/\/involit.com\/#website"},"primaryImageOfPage":{"@id":"https:\/\/involit.com\/itsm\/#primaryimage"},"image":{"@id":"https:\/\/involit.com\/itsm\/#primaryimage"},"thumbnailUrl":"https:\/\/involit.com\/wp-content\/uploads\/2023\/05\/GettyImages-1406332084.jpg","datePublished":"2025-07-29T15:07:58+00:00","dateModified":"2025-07-29T23:46:08+00:00","breadcrumb":{"@id":"https:\/\/involit.com\/itsm\/#breadcrumb"},"inLanguage":"de","potentialAction":[{"@type":"ReadAction","target":["https:\/\/involit.com\/itsm\/"]}]},{"@type":"ImageObject","inLanguage":"de","@id":"https:\/\/involit.com\/itsm\/#primaryimage","url":"https:\/\/involit.com\/wp-content\/uploads\/2023\/05\/GettyImages-1406332084.jpg","contentUrl":"https:\/\/involit.com\/wp-content\/uploads\/2023\/05\/GettyImages-1406332084.jpg","width":1452,"height":968},{"@type":"BreadcrumbList","@id":"https:\/\/involit.com\/itsm\/#breadcrumb","itemListElement":[{"@type":"ListItem","position":1,"name":"Home","item":"https:\/\/involit.com\/"},{"@type":"ListItem","position":2,"name":"ITSM"}]},{"@type":"WebSite","@id":"https:\/\/involit.com\/#website","url":"https:\/\/involit.com\/","name":"Ihr Partner f\u00fcr Ihre Digitalisierungs - prozesse.","description":"","publisher":{"@id":"https:\/\/involit.com\/#organization"},"potentialAction":[{"@type":"SearchAction","target":{"@type":"EntryPoint","urlTemplate":"https:\/\/involit.com\/?s={search_term_string}"},"query-input":{"@type":"PropertyValueSpecification","valueRequired":true,"valueName":"search_term_string"}}],"inLanguage":"de"},{"@type":"Organization","@id":"https:\/\/involit.com\/#organization","name":"Ihr Partner f\u00fcr Ihre Digitalisierungs - prozesse.","url":"https:\/\/involit.com\/","logo":{"@type":"ImageObject","inLanguage":"de","@id":"https:\/\/involit.com\/#\/schema\/logo\/image\/","url":"https:\/\/involit.com\/wp-content\/uploads\/2025\/06\/Adsiz-tasarim-2025-06-04T063852.191-scaled.png","contentUrl":"https:\/\/involit.com\/wp-content\/uploads\/2025\/06\/Adsiz-tasarim-2025-06-04T063852.191-scaled.png","width":2560,"height":1280,"caption":"Dijitalle\u015fme s\u00fcre\u00e7lerinizde i\u015f orta\u011f\u0131n\u0131z."},"image":{"@id":"https:\/\/involit.com\/#\/schema\/logo\/image\/"}}]}},"_links":{"self":[{"href":"https:\/\/involit.com\/de\/wp-json\/wp\/v2\/pages\/988005","targetHints":{"allow":["GET"]}}],"collection":[{"href":"https:\/\/involit.com\/de\/wp-json\/wp\/v2\/pages"}],"about":[{"href":"https:\/\/involit.com\/de\/wp-json\/wp\/v2\/types\/page"}],"author":[{"embeddable":true,"href":"https:\/\/involit.com\/de\/wp-json\/wp\/v2\/users\/1"}],"replies":[{"embeddable":true,"href":"https:\/\/involit.com\/de\/wp-json\/wp\/v2\/comments?post=988005"}],"version-history":[{"count":4,"href":"https:\/\/involit.com\/de\/wp-json\/wp\/v2\/pages\/988005\/revisions"}],"predecessor-version":[{"id":988106,"href":"https:\/\/involit.com\/de\/wp-json\/wp\/v2\/pages\/988005\/revisions\/988106"}],"wp:featuredmedia":[{"embeddable":true,"href":"https:\/\/involit.com\/de\/wp-json\/wp\/v2\/media\/4907"}],"wp:attachment":[{"href":"https:\/\/involit.com\/de\/wp-json\/wp\/v2\/media?parent=988005"}],"curies":[{"name":"wp","href":"https:\/\/api.w.org\/{rel}","templated":true}]}}